{"id":1331,"date":"2025-03-21T13:14:58","date_gmt":"2025-03-21T13:14:58","guid":{"rendered":"https:\/\/cashflowch.com\/?page_id=1331"},"modified":"2025-07-15T12:33:56","modified_gmt":"2025-07-15T12:33:56","slug":"planifier-sa-succession-en-suisse","status":"publish","type":"page","link":"https:\/\/cashflowch.com\/it\/planifier-sa-succession-en-suisse\/","title":{"rendered":"Planifier sa succession en Suisse"},"content":{"rendered":"<div data-elementor-type=\"wp-page\" data-elementor-id=\"1331\" class=\"elementor elementor-1331\" data-elementor-post-type=\"page\">\n\t\t\t\t\t\t<section class=\"elementor-section elementor-top-section elementor-element elementor-element-50337c0e elementor-section-full_width elementor-section-height-default elementor-section-height-default wpr-particle-no wpr-jarallax-no wpr-parallax-no wpr-sticky-section-no wpr-equal-height-no\" data-id=\"50337c0e\" data-element_type=\"section\" data-e-type=\"section\" data-settings=\"{&quot;background_background&quot;:&quot;gradient&quot;}\">\n\t\t\t\t\t\t<div class=\"elementor-container elementor-column-gap-default\">\n\t\t\t\t\t<div class=\"elementor-column elementor-col-50 elementor-top-column elementor-element elementor-element-745c0670\" data-id=\"745c0670\" data-element_type=\"column\" data-e-type=\"column\" data-settings=\"{&quot;background_background&quot;:&quot;classic&quot;}\">\n\t\t\t<div class=\"elementor-widget-wrap elementor-element-populated\">\n\t\t\t\t\t<div class=\"elementor-background-overlay\"><\/div>\n\t\t\t\t\t\t\t<\/div>\n\t\t<\/div>\n\t\t\t\t<div class=\"elementor-column elementor-col-50 elementor-top-column elementor-element elementor-element-451dcdc4 elementor-invisible\" data-id=\"451dcdc4\" data-element_type=\"column\" data-e-type=\"column\" data-settings=\"{&quot;background_background&quot;:&quot;gradient&quot;,&quot;animation&quot;:&quot;fadeInRight&quot;}\">\n\t\t\t<div class=\"elementor-widget-wrap elementor-element-populated\">\n\t\t\t\t\t\t<div class=\"elementor-element elementor-element-3b4edae4 elementor-widget elementor-widget-heading\" data-id=\"3b4edae4\" data-element_type=\"widget\" data-e-type=\"widget\" data-widget_type=\"heading.default\">\n\t\t\t\t<div class=\"elementor-widget-container\">\n\t\t\t\t\t<h3 class=\"elementor-heading-title elementor-size-default\">PLANIFIer sa SUCCESSION en suisse<\/h3>\t\t\t\t<\/div>\n\t\t\t\t<\/div>\n\t\t\t\t<div class=\"elementor-element elementor-element-39af145e elementor-widget elementor-widget-text-editor\" data-id=\"39af145e\" data-element_type=\"widget\" data-e-type=\"widget\" data-widget_type=\"text-editor.default\">\n\t\t\t\t<div class=\"elementor-widget-container\">\n\t\t\t\t\t\t\t\t\t<p>Conseils personnalis\u00e9s, gestion rigoureuse et solutions adapt\u00e9es pour organiser la transmission de votre patrimoine et s\u00e9curiser l\u2019avenir de vos proches.<\/p>\t\t\t\t\t\t\t\t<\/div>\n\t\t\t\t<\/div>\n\t\t\t\t<div class=\"elementor-element elementor-element-98330f9 elementor-mobile-align-center elementor-widget elementor-widget-button\" data-id=\"98330f9\" data-element_type=\"widget\" data-e-type=\"widget\" data-widget_type=\"button.default\">\n\t\t\t\t<div class=\"elementor-widget-container\">\n\t\t\t\t\t\t\t\t\t<div class=\"elementor-button-wrapper\">\n\t\t\t\t\t<a class=\"elementor-button elementor-button-link elementor-size-sm\" href=\"https:\/\/calendar.notion.so\/meet\/davidecasellini\/people\">\n\t\t\t\t\t\t<span class=\"elementor-button-content-wrapper\">\n\t\t\t\t\t\t<span class=\"elementor-button-icon\">\n\t\t\t\t<svg aria-hidden=\"true\" class=\"e-font-icon-svg e-fas-caret-right\" viewbox=\"0 0 192 512\" xmlns=\"http:\/\/www.w3.org\/2000\/svg\"><path d=\"M0 384.662V127.338c0-17.818 21.543-26.741 34.142-14.142l128.662 128.662c7.81 7.81 7.81 20.474 0 28.284L34.142 398.804C21.543 411.404 0 402.48 0 384.662z\"><\/path><\/svg>\t\t\t<\/span>\n\t\t\t\t\t\t\t\t\t<span class=\"elementor-button-text\">R\u00e9servez un rendez-vous informatif<\/span>\n\t\t\t\t\t<\/span>\n\t\t\t\t\t<\/a>\n\t\t\t\t<\/div>\n\t\t\t\t\t\t\t\t<\/div>\n\t\t\t\t<\/div>\n\t\t\t\t\t<\/div>\n\t\t<\/div>\n\t\t\t\t\t<\/div>\n\t\t<\/section>\n\t\t\t\t<section class=\"elementor-section elementor-top-section elementor-element elementor-element-787736d7 elementor-section-boxed elementor-section-height-default elementor-section-height-default wpr-particle-no wpr-jarallax-no wpr-parallax-no wpr-sticky-section-no wpr-equal-height-no\" data-id=\"787736d7\" data-element_type=\"section\" data-e-type=\"section\">\n\t\t\t\t\t\t<div class=\"elementor-container elementor-column-gap-default\">\n\t\t\t\t\t<div class=\"elementor-column elementor-col-100 elementor-top-column elementor-element elementor-element-59d087c2\" data-id=\"59d087c2\" data-element_type=\"column\" data-e-type=\"column\">\n\t\t\t<div class=\"elementor-widget-wrap elementor-element-populated\">\n\t\t\t\t\t\t<div class=\"elementor-element elementor-element-70f54e13 elementor-widget elementor-widget-heading\" data-id=\"70f54e13\" data-element_type=\"widget\" data-e-type=\"widget\" data-widget_type=\"heading.default\">\n\t\t\t\t<div class=\"elementor-widget-container\">\n\t\t\t\t\t<h2 class=\"elementor-heading-title elementor-size-default\">Planifier sa succession en Suisse <\/h2>\t\t\t\t<\/div>\n\t\t\t\t<\/div>\n\t\t\t\t<div class=\"elementor-element elementor-element-753069b9 elementor-widget-divider--view-line elementor-invisible elementor-widget elementor-widget-divider\" data-id=\"753069b9\" data-element_type=\"widget\" data-e-type=\"widget\" data-settings=\"{&quot;_animation&quot;:&quot;fadeInLeft&quot;}\" data-widget_type=\"divider.default\">\n\t\t\t\t<div class=\"elementor-widget-container\">\n\t\t\t\t\t\t\t<div class=\"elementor-divider\">\n\t\t\t<span class=\"elementor-divider-separator\">\n\t\t\t\t\t\t<\/span>\n\t\t<\/div>\n\t\t\t\t\t\t<\/div>\n\t\t\t\t<\/div>\n\t\t\t\t<div class=\"elementor-element elementor-element-19472afa elementor-widget elementor-widget-text-editor\" data-id=\"19472afa\" data-element_type=\"widget\" data-e-type=\"widget\" data-widget_type=\"text-editor.default\">\n\t\t\t\t<div class=\"elementor-widget-container\">\n\t\t\t\t\t\t\t\t\t<h3>Visualisez vos projets et faite une projection dans votre futur !<\/h3><div><b><span class=\"EOP SCXW239108902 BCX8\" data-ccp-props=\"{&quot;134233117&quot;:true,&quot;134233118&quot;:true}\">\u00a0<\/span><\/b><\/div><div>\u00a0<\/div>\t\t\t\t\t\t\t\t<\/div>\n\t\t\t\t<\/div>\n\t\t\t\t<div class=\"elementor-element elementor-element-4eb52ff elementor-widget__width-initial elementor-widget elementor-widget-text-editor\" data-id=\"4eb52ff\" data-element_type=\"widget\" data-e-type=\"widget\" data-widget_type=\"text-editor.default\">\n\t\t\t\t<div class=\"elementor-widget-container\">\n\t\t\t\t\t\t\t\t\t<div class=\"text-box\"><p>La planification de votre succession est essentielle pour s\u00e9curiser le patrimoine de votre famille et garantir que vos volont\u00e9s soient respect\u00e9es. Elle ne concerne pas seulement votre fortune, mais aussi vos derniers souhaits et votre h\u00e9ritage.<\/p><p>\u00a0<\/p><h3>\u00a0<\/h3><h3>\u00a0<\/h3><h3>Pourquoi planifier sa succession ?<\/h3><p>Planifier sa succession, c\u2019est s\u2019assurer que vos volont\u00e9s soient suivies et que votre famille et vos proches soient prot\u00e9g\u00e9s.<\/p><p>\u00a0<\/p><h3>\u00a0<\/h3><h3>\u00a0<\/h3><h3>Les \u00e9l\u00e9ments cl\u00e9s \u00e0 consid\u00e9rer<\/h3><ul><li><em><u>Dispositions l\u00e9gales du droit successoral :<\/u><\/em> Sans testament, le droit successoral suisse d\u00e9termine la r\u00e9partition de l\u2019h\u00e9ritage. Comprendre ces r\u00e8gles est crucial pour une planification optimale.<\/li><li><em><u>Partage successoral :<\/u><\/em> Apr\u00e8s le d\u00e9c\u00e8s, le partage peut \u00eatre supervis\u00e9 par un administrateur si les h\u00e9ritiers ne s\u2019entendent pas. Un inventaire successoral est recommand\u00e9 pour clarifier les actifs et passifs.<\/li><li><em><u>R\u00e9serve h\u00e9r\u00e9ditaire :<\/u><\/em> En Suisse, certains h\u00e9ritiers (conjoint, descendants) ont droit \u00e0 une part r\u00e9servataire, limitant la part librement attribuable par testament ou pacte successoral.<\/li><li><em><u>Contrat de mariage :<\/u><\/em> Le r\u00e9gime matrimonial influence le partage des biens. Personnalise-le et ajuste la r\u00e9partition entre \u00ab\u00a0biens propres\u00a0\u00bb et \u00ab\u00a0acqu\u00eats\u00a0\u00bb selon ta situation.<\/li><li><em><u>Testament :<\/u><\/em> Document cl\u00e9 pour d\u00e9finir la r\u00e9partition de ton h\u00e9ritage. Privil\u00e9gie une authentification notariale pour \u00e9viter les litiges, tout en respectant les parts r\u00e9servataires.<\/li><li><em><u>Pacte successoral :<\/u><\/em> Contrat entre le testateur et les h\u00e9ritiers, modifiable uniquement avec l\u2019accord de tous. R\u00e9siliation unilat\u00e9rale possible en cas de faute grave d\u2019un b\u00e9n\u00e9ficiaire.<\/li><li><em><u>Legs :<\/u><\/em> Permet de favoriser une personne ou organisation non-h\u00e9riti\u00e8re (ex. : association caritative). Le l\u00e9gataire n\u2019est pas responsable des dettes, mais les parts r\u00e9servataires doivent \u00eatre respect\u00e9es.<\/li><li><em><u>Exh\u00e9r\u00e9dation :<\/u><\/em> Retirer le droit d\u2019h\u00e9riter \u00e0 une personne est complexe et n\u00e9cessite des justifications solides.<\/li><li><em><u>R\u00e9pudiation de la succession :<\/u><\/em> Les h\u00e9ritiers peuvent refuser une succession, notamment si les dettes d\u00e9passent l\u2019actif.<\/li><li><em><u>Fiscalit\u00e9 successorale :<\/u><\/em> Les imp\u00f4ts varient selon les cantons. Conjoints et descendants b\u00e9n\u00e9ficient souvent d\u2019exon\u00e9rations, mais les non-proches sont lourdement tax\u00e9s. Planifie pour minimiser cette charge (donations entre vifs, choix du canton, etc.).<\/li><li><em><u>Donations entre vifs :<\/u><\/em> Transmets une partie de ta fortune de ton vivant pour r\u00e9duire les imp\u00f4ts et faire plaisir \u00e0 tes proches.<\/li><li><em><u>Succession internationale :<\/u><\/em> Si tu as des biens \u00e0 l\u2019\u00e9tranger ou ne r\u00e9sides pas en Suisse, le droit international priv\u00e9 et le R\u00e8glement Successoral Europ\u00e9en peuvent s\u2019appliquer.<\/li><\/ul><div>\u00a0<\/div><h3>\u00a0<\/h3><h3>\u00a0<\/h3><h3>Conseils pour situations complexes<\/h3><p>Pour les familles recompos\u00e9es, une attention particuli\u00e8re est n\u00e9cessaire afin d\u2019assurer l\u2019\u00e9quit\u00e9 entre les enfants biologiques, les enfants du nouveau partenaire, et les anciens\/nouveaux conjoints, tout en tenant compte des lois et des implications fiscales.<\/p><h3>\u00a0<\/h3><h3>\u00a0<\/h3><h3>Trouve ta solution sur mesure avec Cash-Flow CH<\/h3><p>La planification successorale demande du temps. Commencez t\u00f4t et faisiez-vous accompagner par nos experts pour comprendre les r\u00e8gles, optimiser vos strat\u00e9gie et garantir une transmission conforme \u00e0 vos souhaits dans le cadre l\u00e9gal suisse.<\/p><\/div>\t\t\t\t\t\t\t\t<\/div>\n\t\t\t\t<\/div>\n\t\t\t\t<div class=\"elementor-element elementor-element-78ce378 elementor-widget elementor-widget-image\" data-id=\"78ce378\" data-element_type=\"widget\" data-e-type=\"widget\" data-widget_type=\"image.default\">\n\t\t\t\t<div class=\"elementor-widget-container\">\n\t\t\t\t\t\t\t\t\t\t\t\t\t\t\t<img fetchpriority=\"high\" decoding=\"async\" width=\"800\" height=\"580\" src=\"https:\/\/cashflowch.com\/wp-content\/uploads\/2025\/03\/visual-selection-5-1024x743.png\" class=\"attachment-large size-large wp-image-1337\" alt=\"\" srcset=\"https:\/\/cashflowch.com\/wp-content\/uploads\/2025\/03\/visual-selection-5-1024x743.png 1024w, https:\/\/cashflowch.com\/wp-content\/uploads\/2025\/03\/visual-selection-5-300x218.png 300w, https:\/\/cashflowch.com\/wp-content\/uploads\/2025\/03\/visual-selection-5-768x557.png 768w, https:\/\/cashflowch.com\/wp-content\/uploads\/2025\/03\/visual-selection-5-200x145.png 200w, https:\/\/cashflowch.com\/wp-content\/uploads\/2025\/03\/visual-selection-5.png 1038w\" sizes=\"(max-width: 800px) 100vw, 800px\" \/>\t\t\t\t\t\t\t\t\t\t\t\t\t\t\t<\/div>\n\t\t\t\t<\/div>\n\t\t\t\t<div class=\"elementor-element elementor-element-87bc654 elementor-widget elementor-widget-text-editor\" data-id=\"87bc654\" data-element_type=\"widget\" data-e-type=\"widget\" data-widget_type=\"text-editor.default\">\n\t\t\t\t<div class=\"elementor-widget-container\">\n\t\t\t\t\t\t\t\t\t<h6 style=\"text-align: center;\">Visualisez vos projets et faite une projection dans votre futur !<\/h6>\t\t\t\t\t\t\t\t<\/div>\n\t\t\t\t<\/div>\n\t\t\t\t<div class=\"elementor-element elementor-element-d9329ef elementor-align-center elementor-widget elementor-widget-button\" data-id=\"d9329ef\" data-element_type=\"widget\" data-e-type=\"widget\" data-widget_type=\"button.default\">\n\t\t\t\t<div class=\"elementor-widget-container\">\n\t\t\t\t\t\t\t\t\t<div class=\"elementor-button-wrapper\">\n\t\t\t\t\t<a class=\"elementor-button elementor-button-link elementor-size-sm\" href=\"https:\/\/preview.cashflowch.com\/planification-testamentaire\">\n\t\t\t\t\t\t<span class=\"elementor-button-content-wrapper\">\n\t\t\t\t\t\t\t\t\t<span class=\"elementor-button-text\">Planification testamentaire<\/span>\n\t\t\t\t\t<\/span>\n\t\t\t\t\t<\/a>\n\t\t\t\t<\/div>\n\t\t\t\t\t\t\t\t<\/div>\n\t\t\t\t<\/div>\n\t\t\t\t\t<\/div>\n\t\t<\/div>\n\t\t\t\t\t<\/div>\n\t\t<\/section>\n\t\t\t\t<section class=\"elementor-section elementor-top-section elementor-element elementor-element-2aa95cc1 elementor-section-boxed elementor-section-height-default elementor-section-height-default wpr-particle-no wpr-jarallax-no wpr-parallax-no wpr-sticky-section-no wpr-equal-height-no elementor-invisible\" data-id=\"2aa95cc1\" data-element_type=\"section\" data-e-type=\"section\" data-settings=\"{&quot;background_background&quot;:&quot;classic&quot;,&quot;motion_fx_motion_fx_scrolling&quot;:&quot;yes&quot;,&quot;motion_fx_translateY_effect&quot;:&quot;yes&quot;,&quot;animation&quot;:&quot;fadeInLeft&quot;,&quot;motion_fx_translateY_speed&quot;:{&quot;unit&quot;:&quot;px&quot;,&quot;size&quot;:4,&quot;sizes&quot;:[]},&quot;motion_fx_translateY_affectedRange&quot;:{&quot;unit&quot;:&quot;%&quot;,&quot;size&quot;:&quot;&quot;,&quot;sizes&quot;:{&quot;start&quot;:0,&quot;end&quot;:100}},&quot;motion_fx_devices&quot;:[&quot;desktop&quot;,&quot;tablet&quot;,&quot;mobile&quot;]}\">\n\t\t\t\t\t\t\t<div class=\"elementor-background-overlay\"><\/div>\n\t\t\t\t\t\t\t<div class=\"elementor-container elementor-column-gap-default\">\n\t\t\t\t\t<div class=\"elementor-column elementor-col-100 elementor-top-column elementor-element elementor-element-1f05c932\" data-id=\"1f05c932\" data-element_type=\"column\" data-e-type=\"column\">\n\t\t\t<div class=\"elementor-widget-wrap elementor-element-populated\">\n\t\t\t\t\t\t<div class=\"elementor-element elementor-element-65974571 elementor-widget elementor-widget-heading\" data-id=\"65974571\" data-element_type=\"widget\" data-e-type=\"widget\" data-widget_type=\"heading.default\">\n\t\t\t\t<div class=\"elementor-widget-container\">\n\t\t\t\t\t<h1 class=\"elementor-heading-title elementor-size-default\">R\u00c9SERVEZ VOTRE CONSULTATION FINANCI\u00c8RE<\/h1>\t\t\t\t<\/div>\n\t\t\t\t<\/div>\n\t\t\t\t<div class=\"elementor-element elementor-element-79bd31f9 elementor-widget elementor-widget-heading\" data-id=\"79bd31f9\" data-element_type=\"widget\" data-e-type=\"widget\" data-widget_type=\"heading.default\">\n\t\t\t\t<div class=\"elementor-widget-container\">\n\t\t\t\t\t<h4 class=\"elementor-heading-title elementor-size-default\">AVEC CASH-FLOW CH<\/h4>\t\t\t\t<\/div>\n\t\t\t\t<\/div>\n\t\t\t\t<div class=\"elementor-element elementor-element-6ea539b elementor-widget elementor-widget-spacer\" data-id=\"6ea539b\" data-element_type=\"widget\" data-e-type=\"widget\" data-widget_type=\"spacer.default\">\n\t\t\t\t<div class=\"elementor-widget-container\">\n\t\t\t\t\t\t\t<div class=\"elementor-spacer\">\n\t\t\t<div class=\"elementor-spacer-inner\"><\/div>\n\t\t<\/div>\n\t\t\t\t\t\t<\/div>\n\t\t\t\t<\/div>\n\t\t\t\t<div class=\"elementor-element elementor-element-9219e0 elementor-invisible elementor-widget elementor-widget-button\" data-id=\"9219e0\" data-element_type=\"widget\" data-e-type=\"widget\" data-settings=\"{&quot;_animation&quot;:&quot;fadeInLeft&quot;}\" data-widget_type=\"button.default\">\n\t\t\t\t<div class=\"elementor-widget-container\">\n\t\t\t\t\t\t\t\t\t<div class=\"elementor-button-wrapper\">\n\t\t\t\t\t<a class=\"elementor-button elementor-button-link elementor-size-sm\" href=\"https:\/\/calendar.notion.so\/meet\/davidecasellini\/people\">\n\t\t\t\t\t\t<span class=\"elementor-button-content-wrapper\">\n\t\t\t\t\t\t<span class=\"elementor-button-icon\">\n\t\t\t\t<svg aria-hidden=\"true\" class=\"e-font-icon-svg e-fas-caret-right\" viewbox=\"0 0 192 512\" xmlns=\"http:\/\/www.w3.org\/2000\/svg\"><path d=\"M0 384.662V127.338c0-17.818 21.543-26.741 34.142-14.142l128.662 128.662c7.81 7.81 7.81 20.474 0 28.284L34.142 398.804C21.543 411.404 0 402.48 0 384.662z\"><\/path><\/svg>\t\t\t<\/span>\n\t\t\t\t\t\t\t\t\t<span class=\"elementor-button-text\">R\u00e9servez un rendez-vous informatif <\/span>\n\t\t\t\t\t<\/span>\n\t\t\t\t\t<\/a>\n\t\t\t\t<\/div>\n\t\t\t\t\t\t\t\t<\/div>\n\t\t\t\t<\/div>\n\t\t\t\t\t<\/div>\n\t\t<\/div>\n\t\t\t\t\t<\/div>\n\t\t<\/section>\n\t\t\t\t<\/div>","protected":false},"excerpt":{"rendered":"<p>PLANIFIer sa SUCCESSION en suisse Conseils personnalis\u00e9s, gestion rigoureuse et solutions adapt\u00e9es pour organiser la transmission de votre patrimoine et s\u00e9curiser l\u2019avenir de vos proches. R\u00e9servez un rendez-vous informatif Planifier sa succession en Suisse Visualisez vos projets et faite une projection dans votre futur ! \u00a0\u00a0 La planification de votre succession est essentielle pour s\u00e9curiser le patrimoine de votre famille et garantir que vos volont\u00e9s soient respect\u00e9es. Elle ne concerne pas seulement votre fortune, mais aussi vos derniers souhaits et votre h\u00e9ritage. \u00a0 \u00a0 \u00a0 Pourquoi planifier sa succession ? Planifier sa succession, c\u2019est s\u2019assurer que vos volont\u00e9s soient suivies et que votre famille et vos proches soient prot\u00e9g\u00e9s. \u00a0 \u00a0 \u00a0 Les \u00e9l\u00e9ments cl\u00e9s \u00e0 consid\u00e9rer Dispositions l\u00e9gales du droit successoral : Sans testament, le droit successoral suisse d\u00e9termine la r\u00e9partition de l\u2019h\u00e9ritage. Comprendre ces r\u00e8gles est crucial pour une planification optimale. Partage successoral : Apr\u00e8s le d\u00e9c\u00e8s, le partage peut \u00eatre supervis\u00e9 par un administrateur si les h\u00e9ritiers ne s\u2019entendent pas. Un inventaire successoral est recommand\u00e9 pour clarifier les actifs et passifs. R\u00e9serve h\u00e9r\u00e9ditaire : En Suisse, certains h\u00e9ritiers (conjoint, descendants) ont droit \u00e0 une part r\u00e9servataire, limitant la part librement attribuable par testament ou pacte successoral. Contrat de mariage : Le r\u00e9gime matrimonial influence le partage des biens. Personnalise-le et ajuste la r\u00e9partition entre \u00ab\u00a0biens propres\u00a0\u00bb et \u00ab\u00a0acqu\u00eats\u00a0\u00bb selon ta situation. Testament : Document cl\u00e9 pour d\u00e9finir la r\u00e9partition de ton h\u00e9ritage. Privil\u00e9gie une authentification notariale pour \u00e9viter les litiges, tout en respectant les parts r\u00e9servataires. Pacte successoral : Contrat entre le testateur et les h\u00e9ritiers, modifiable uniquement avec l\u2019accord de tous. R\u00e9siliation unilat\u00e9rale possible en cas de faute grave d\u2019un b\u00e9n\u00e9ficiaire. Legs : Permet de favoriser une personne ou organisation non-h\u00e9riti\u00e8re (ex. : association caritative). Le l\u00e9gataire n\u2019est pas responsable des dettes, mais les parts r\u00e9servataires doivent \u00eatre respect\u00e9es. Exh\u00e9r\u00e9dation : Retirer le droit d\u2019h\u00e9riter \u00e0 une personne est complexe et n\u00e9cessite des justifications solides. R\u00e9pudiation de la succession : Les h\u00e9ritiers peuvent refuser une succession, notamment si les dettes d\u00e9passent l\u2019actif. Fiscalit\u00e9 successorale : Les imp\u00f4ts varient selon les cantons. Conjoints et descendants b\u00e9n\u00e9ficient souvent d\u2019exon\u00e9rations, mais les non-proches sont lourdement tax\u00e9s. Planifie pour minimiser cette charge (donations entre vifs, choix du canton, etc.). Donations entre vifs : Transmets une partie de ta fortune de ton vivant pour r\u00e9duire les imp\u00f4ts et faire plaisir \u00e0 tes proches. Succession internationale : Si tu as des biens \u00e0 l\u2019\u00e9tranger ou ne r\u00e9sides pas en Suisse, le droit international priv\u00e9 et le R\u00e8glement Successoral Europ\u00e9en peuvent s\u2019appliquer. \u00a0 \u00a0 \u00a0 Conseils pour situations complexes Pour les familles recompos\u00e9es, une attention particuli\u00e8re est n\u00e9cessaire afin d\u2019assurer l\u2019\u00e9quit\u00e9 entre les enfants biologiques, les enfants du nouveau partenaire, et les anciens\/nouveaux conjoints, tout en tenant compte des lois et des implications fiscales. \u00a0 \u00a0 Trouve ta solution sur mesure avec Cash-Flow CH La planification successorale demande du temps. Commencez t\u00f4t et faisiez-vous accompagner par nos experts pour comprendre les r\u00e8gles, optimiser vos strat\u00e9gie et garantir une transmission conforme \u00e0 vos souhaits dans le cadre l\u00e9gal suisse. Visualisez vos projets et faite une projection dans votre futur ! Planification testamentaire R\u00c9SERVEZ VOTRE CONSULTATION FINANCI\u00c8RE AVEC CASH-FLOW CH R\u00e9servez un rendez-vous informatif<\/p>","protected":false},"author":1,"featured_media":0,"parent":0,"menu_order":0,"comment_status":"closed","ping_status":"closed","template":"elementor_header_footer","meta":{"om_disable_all_campaigns":false,"_monsterinsights_skip_tracking":false,"_monsterinsights_sitenote_active":false,"_monsterinsights_sitenote_note":"","_monsterinsights_sitenote_category":0,"footnotes":""},"class_list":["post-1331","page","type-page","status-publish","hentry"],"aioseo_notices":[],"_links":{"self":[{"href":"https:\/\/cashflowch.com\/it\/wp-json\/wp\/v2\/pages\/1331","targetHints":{"allow":["GET"]}}],"collection":[{"href":"https:\/\/cashflowch.com\/it\/wp-json\/wp\/v2\/pages"}],"about":[{"href":"https:\/\/cashflowch.com\/it\/wp-json\/wp\/v2\/types\/page"}],"author":[{"embeddable":true,"href":"https:\/\/cashflowch.com\/it\/wp-json\/wp\/v2\/users\/1"}],"replies":[{"embeddable":true,"href":"https:\/\/cashflowch.com\/it\/wp-json\/wp\/v2\/comments?post=1331"}],"version-history":[{"count":52,"href":"https:\/\/cashflowch.com\/it\/wp-json\/wp\/v2\/pages\/1331\/revisions"}],"predecessor-version":[{"id":2554,"href":"https:\/\/cashflowch.com\/it\/wp-json\/wp\/v2\/pages\/1331\/revisions\/2554"}],"wp:attachment":[{"href":"https:\/\/cashflowch.com\/it\/wp-json\/wp\/v2\/media?parent=1331"}],"curies":[{"name":"wp","href":"https:\/\/api.w.org\/{rel}","templated":true}]}}