{"id":1013,"date":"2025-03-13T19:45:53","date_gmt":"2025-03-13T19:45:53","guid":{"rendered":"https:\/\/cashflowch.com\/?page_id=1013"},"modified":"2025-07-15T12:31:27","modified_gmt":"2025-07-15T12:31:27","slug":"offres-demploi-disponibles","status":"publish","type":"page","link":"https:\/\/cashflowch.com\/it\/offres-demploi-disponibles\/","title":{"rendered":"Offres d&#8217;emploi disponibles ?"},"content":{"rendered":"<div data-elementor-type=\"wp-page\" data-elementor-id=\"1013\" class=\"elementor elementor-1013\" data-elementor-post-type=\"page\">\n\t\t\t\t\t\t<section class=\"elementor-section elementor-top-section elementor-element elementor-element-6cec674c elementor-section-full_width elementor-section-height-default elementor-section-height-default wpr-particle-no wpr-jarallax-no wpr-parallax-no wpr-sticky-section-no wpr-equal-height-no\" data-id=\"6cec674c\" data-element_type=\"section\" data-e-type=\"section\" data-settings=\"{&quot;background_background&quot;:&quot;gradient&quot;}\">\n\t\t\t\t\t\t<div class=\"elementor-container elementor-column-gap-default\">\n\t\t\t\t\t<div class=\"elementor-column elementor-col-50 elementor-top-column elementor-element elementor-element-3481765\" data-id=\"3481765\" data-element_type=\"column\" data-e-type=\"column\" data-settings=\"{&quot;background_background&quot;:&quot;classic&quot;}\">\n\t\t\t<div class=\"elementor-widget-wrap elementor-element-populated\">\n\t\t\t\t\t<div class=\"elementor-background-overlay\"><\/div>\n\t\t\t\t\t\t\t<\/div>\n\t\t<\/div>\n\t\t\t\t<div class=\"elementor-column elementor-col-50 elementor-top-column elementor-element elementor-element-4a918840 elementor-invisible\" data-id=\"4a918840\" data-element_type=\"column\" data-e-type=\"column\" data-settings=\"{&quot;background_background&quot;:&quot;gradient&quot;,&quot;animation&quot;:&quot;fadeInRight&quot;}\">\n\t\t\t<div class=\"elementor-widget-wrap elementor-element-populated\">\n\t\t\t\t\t\t<div class=\"elementor-element elementor-element-3e638267 elementor-widget elementor-widget-heading\" data-id=\"3e638267\" data-element_type=\"widget\" data-e-type=\"widget\" data-widget_type=\"heading.default\">\n\t\t\t\t<div class=\"elementor-widget-container\">\n\t\t\t\t\t<h3 class=\"elementor-heading-title elementor-size-default\">Nous offrons des services financiers et professionnels complets :<\/h3>\t\t\t\t<\/div>\n\t\t\t\t<\/div>\n\t\t\t\t<div class=\"elementor-element elementor-element-6c5b595b elementor-widget elementor-widget-text-editor\" data-id=\"6c5b595b\" data-element_type=\"widget\" data-e-type=\"widget\" data-widget_type=\"text-editor.default\">\n\t\t\t\t<div class=\"elementor-widget-container\">\n\t\t\t\t\t\t\t\t\tConseils personnalis\u00e9s, solutions sur mesure , gestion administrative efficace, et opportunit\u00e9s de carri\u00e8re pour s\u00e9curiser votre avenir \u00e0 chaque \u00e9tape de votre vie.\t\t\t\t\t\t\t\t<\/div>\n\t\t\t\t<\/div>\n\t\t\t\t<div class=\"elementor-element elementor-element-3b8664d5 elementor-mobile-align-center elementor-widget elementor-widget-button\" data-id=\"3b8664d5\" data-element_type=\"widget\" data-e-type=\"widget\" data-widget_type=\"button.default\">\n\t\t\t\t<div class=\"elementor-widget-container\">\n\t\t\t\t\t\t\t\t\t<div class=\"elementor-button-wrapper\">\n\t\t\t\t\t<a class=\"elementor-button elementor-button-link elementor-size-sm\" href=\"https:\/\/calendar.notion.so\/meet\/davidecasellini\/people\">\n\t\t\t\t\t\t<span class=\"elementor-button-content-wrapper\">\n\t\t\t\t\t\t<span class=\"elementor-button-icon\">\n\t\t\t\t<svg aria-hidden=\"true\" class=\"e-font-icon-svg e-fas-caret-right\" viewbox=\"0 0 192 512\" xmlns=\"http:\/\/www.w3.org\/2000\/svg\"><path d=\"M0 384.662V127.338c0-17.818 21.543-26.741 34.142-14.142l128.662 128.662c7.81 7.81 7.81 20.474 0 28.284L34.142 398.804C21.543 411.404 0 402.48 0 384.662z\"><\/path><\/svg>\t\t\t<\/span>\n\t\t\t\t\t\t\t\t\t<span class=\"elementor-button-text\">R\u00e9servez<\/span>\n\t\t\t\t\t<\/span>\n\t\t\t\t\t<\/a>\n\t\t\t\t<\/div>\n\t\t\t\t\t\t\t\t<\/div>\n\t\t\t\t<\/div>\n\t\t\t\t\t<\/div>\n\t\t<\/div>\n\t\t\t\t\t<\/div>\n\t\t<\/section>\n\t\t\t\t<section class=\"elementor-section elementor-top-section elementor-element elementor-element-75491c26 elementor-section-boxed elementor-section-height-default elementor-section-height-default wpr-particle-no wpr-jarallax-no wpr-parallax-no wpr-sticky-section-no wpr-equal-height-no\" data-id=\"75491c26\" data-element_type=\"section\" data-e-type=\"section\">\n\t\t\t\t\t\t<div class=\"elementor-container elementor-column-gap-default\">\n\t\t\t\t\t<div class=\"elementor-column elementor-col-100 elementor-top-column elementor-element elementor-element-4a699297\" data-id=\"4a699297\" data-element_type=\"column\" data-e-type=\"column\">\n\t\t\t<div class=\"elementor-widget-wrap elementor-element-populated\">\n\t\t\t\t\t\t<div class=\"elementor-element elementor-element-33110c34 elementor-widget elementor-widget-text-editor\" data-id=\"33110c34\" data-element_type=\"widget\" data-e-type=\"widget\" data-widget_type=\"text-editor.default\">\n\t\t\t\t<div class=\"elementor-widget-container\">\n\t\t\t\t\t\t\t\t\t<h2 style=\"color: #132646; text-align: center;\" data-elementor-setting-key=\"title\" data-pen-placeholder=\"Type Here...\">Offres d&#8217;emploi disponibles ?<\/h2><p>Bienvenue dans notre section d\u00e9di\u00e9e aux offres d\u2019emploi actuellement disponibles. Vous trouverez ici une liste d\u2019opportunit\u00e9s professionnelles au sein de notre structure ou de nos partenaires. Nous sommes constamment \u00e0 la recherche de personnes talentueuses et motiv\u00e9es pour rejoindre notre \u00e9quipe.<\/p>\t\t\t\t\t\t\t\t<\/div>\n\t\t\t\t<\/div>\n\t\t\t\t\t<\/div>\n\t\t<\/div>\n\t\t\t\t\t<\/div>\n\t\t<\/section>\n\t\t<div class=\"elementor-element elementor-element-46cba99 e-grid e-con-boxed wpr-particle-no wpr-jarallax-no wpr-parallax-no wpr-sticky-section-no wpr-equal-height-no e-con e-parent\" data-id=\"46cba99\" data-element_type=\"container\" data-e-type=\"container\">\n\t\t\t\t\t<div class=\"e-con-inner\">\n\t\t\t\t<div class=\"elementor-element elementor-element-ee688e0 elementor-widget elementor-widget-image\" data-id=\"ee688e0\" data-element_type=\"widget\" data-e-type=\"widget\" data-widget_type=\"image.default\">\n\t\t\t\t<div class=\"elementor-widget-container\">\n\t\t\t\t\t\t\t\t\t\t\t\t<figure class=\"wp-caption\">\n\t\t\t\t\t\t\t\t\t\t<img fetchpriority=\"high\" decoding=\"async\" width=\"300\" height=\"300\" src=\"https:\/\/cashflowch.com\/wp-content\/uploads\/2025\/03\/@Fd2X@HoSi1101-300x300.jpg\" class=\"attachment-medium size-medium wp-image-982\" alt=\"\" srcset=\"https:\/\/cashflowch.com\/wp-content\/uploads\/2025\/03\/@Fd2X@HoSi1101-300x300.jpg 300w, https:\/\/cashflowch.com\/wp-content\/uploads\/2025\/03\/@Fd2X@HoSi1101-1024x1024.jpg 1024w, https:\/\/cashflowch.com\/wp-content\/uploads\/2025\/03\/@Fd2X@HoSi1101-150x150.jpg 150w, https:\/\/cashflowch.com\/wp-content\/uploads\/2025\/03\/@Fd2X@HoSi1101-768x768.jpg 768w, https:\/\/cashflowch.com\/wp-content\/uploads\/2025\/03\/@Fd2X@HoSi1101-1536x1536.jpg 1536w, https:\/\/cashflowch.com\/wp-content\/uploads\/2025\/03\/@Fd2X@HoSi1101-200x200.jpg 200w, https:\/\/cashflowch.com\/wp-content\/uploads\/2025\/03\/@Fd2X@HoSi1101.jpg 1644w\" sizes=\"(max-width: 300px) 100vw, 300px\" \/>\t\t\t\t\t\t\t\t\t\t\t<figcaption class=\"widget-image-caption wp-caption-text\">-Conseiller financier JR<\/figcaption>\n\t\t\t\t\t\t\t\t\t\t<\/figure>\n\t\t\t\t\t\t\t\t\t<\/div>\n\t\t\t\t<\/div>\n\t\t\t\t<div class=\"elementor-element elementor-element-ff98a2f elementor-widget elementor-widget-image\" data-id=\"ff98a2f\" data-element_type=\"widget\" data-e-type=\"widget\" data-widget_type=\"image.default\">\n\t\t\t\t<div class=\"elementor-widget-container\">\n\t\t\t\t\t\t\t\t\t\t\t\t<figure class=\"wp-caption\">\n\t\t\t\t\t\t\t\t\t\t<img decoding=\"async\" width=\"300\" height=\"217\" src=\"https:\/\/cashflowch.com\/wp-content\/uploads\/2025\/03\/types-bien-immobilier-neuf-300x217.jpg\" class=\"attachment-medium size-medium wp-image-1117\" alt=\"-Cortier immobilier\" srcset=\"https:\/\/cashflowch.com\/wp-content\/uploads\/2025\/03\/types-bien-immobilier-neuf-300x217.jpg 300w, https:\/\/cashflowch.com\/wp-content\/uploads\/2025\/03\/types-bien-immobilier-neuf-200x145.jpg 200w, https:\/\/cashflowch.com\/wp-content\/uploads\/2025\/03\/types-bien-immobilier-neuf.jpg 710w\" sizes=\"(max-width: 300px) 100vw, 300px\" \/>\t\t\t\t\t\t\t\t\t\t\t<figcaption class=\"widget-image-caption wp-caption-text\">-Courtier immobilier<\/figcaption>\n\t\t\t\t\t\t\t\t\t\t<\/figure>\n\t\t\t\t\t\t\t\t\t<\/div>\n\t\t\t\t<\/div>\n\t\t\t\t\t<\/div>\n\t\t\t\t<\/div>\n\t\t<div class=\"elementor-element elementor-element-cc80d0a e-flex e-con-boxed wpr-particle-no wpr-jarallax-no wpr-parallax-no wpr-sticky-section-no wpr-equal-height-no e-con e-parent\" data-id=\"cc80d0a\" data-element_type=\"container\" data-e-type=\"container\">\n\t\t\t\t\t<div class=\"e-con-inner\">\n\t\t\t\t<div class=\"elementor-element elementor-element-4a4a34a elementor-widget-divider--view-line elementor-widget elementor-widget-divider\" data-id=\"4a4a34a\" data-element_type=\"widget\" data-e-type=\"widget\" data-widget_type=\"divider.default\">\n\t\t\t\t<div class=\"elementor-widget-container\">\n\t\t\t\t\t\t\t<div class=\"elementor-divider\">\n\t\t\t<span class=\"elementor-divider-separator\">\n\t\t\t\t\t\t<\/span>\n\t\t<\/div>\n\t\t\t\t\t\t<\/div>\n\t\t\t\t<\/div>\n\t\t\t\t<div class=\"elementor-element elementor-element-e00c840 elementor-widget elementor-widget-text-editor\" data-id=\"e00c840\" data-element_type=\"widget\" data-e-type=\"widget\" data-widget_type=\"text-editor.default\">\n\t\t\t\t<div class=\"elementor-widget-container\">\n\t\t\t\t\t\t\t\t\t<h2 style=\"color: #132646; text-align: center;\" data-elementor-setting-key=\"title\" data-pen-placeholder=\"Type Here...\"><span style=\"color: inherit; font-size: 30px; text-align: left;\">Comment postuler ?<\/span><\/h2><p dir=\"auto\" style=\"color: #132646;\">Si l\u2019un des postes vous int\u00e9resse ou si vous souhaitez obtenir plus d\u2019informations, nous vous invitons \u00e0 envoyer votre CV et une lettre de motivation \u00e0 l\u2019adresse e-mail suivante :\u00a0<span style=\"text-decoration: underline;\"><a style=\"color: #950606; text-decoration: underline;\" href=\"mailto:support@cashflowch.com\">support@cashflowch.com<\/a><\/span>.<\/p><p dir=\"auto\" style=\"color: #132646;\">Merci d\u2019indiquer le titre du poste auquel vous postulez dans votre e-mail. Nous sommes impatients de d\u00e9couvrir des professionnels motiv\u00e9s et examinerons chaque candidature avec attention. Si votre profil correspond aux exigences, nous vous contacterons pour un entretien. Nous vous souhaitons bonne chance dans votre recherche d\u2019emploi et esp\u00e9rons avoir de vos nouvelles bient\u00f4t !<\/p>\t\t\t\t\t\t\t\t<\/div>\n\t\t\t\t<\/div>\n\t\t\t\t<div class=\"elementor-element elementor-element-8e1fd82 elementor-widget-divider--view-line elementor-widget elementor-widget-divider\" data-id=\"8e1fd82\" data-element_type=\"widget\" data-e-type=\"widget\" data-widget_type=\"divider.default\">\n\t\t\t\t<div class=\"elementor-widget-container\">\n\t\t\t\t\t\t\t<div class=\"elementor-divider\">\n\t\t\t<span class=\"elementor-divider-separator\">\n\t\t\t\t\t\t<\/span>\n\t\t<\/div>\n\t\t\t\t\t\t<\/div>\n\t\t\t\t<\/div>\n\t\t\t\t\t<\/div>\n\t\t\t\t<\/div>\n\t\t\t\t<\/div>","protected":false},"excerpt":{"rendered":"<p>Nous offrons des services financiers et professionnels complets : Conseils personnalis\u00e9s, solutions sur mesure , gestion administrative efficace, et opportunit\u00e9s de carri\u00e8re pour s\u00e9curiser votre avenir \u00e0 chaque \u00e9tape de votre vie. R\u00e9servez Offres d&#8217;emploi disponibles ? Bienvenue dans notre section d\u00e9di\u00e9e aux offres d\u2019emploi actuellement disponibles. Vous trouverez ici une liste d\u2019opportunit\u00e9s professionnelles au sein de notre structure ou de nos partenaires. Nous sommes constamment \u00e0 la recherche de personnes talentueuses et motiv\u00e9es pour rejoindre notre \u00e9quipe. -Conseiller financier JR -Courtier immobilier Comment postuler ? Si l\u2019un des postes vous int\u00e9resse ou si vous souhaitez obtenir plus d\u2019informations, nous vous invitons \u00e0 envoyer votre CV et une lettre de motivation \u00e0 l\u2019adresse e-mail suivante :\u00a0support@cashflowch.com. Merci d\u2019indiquer le titre du poste auquel vous postulez dans votre e-mail. Nous sommes impatients de d\u00e9couvrir des professionnels motiv\u00e9s et examinerons chaque candidature avec attention. Si votre profil correspond aux exigences, nous vous contacterons pour un entretien. Nous vous souhaitons bonne chance dans votre recherche d\u2019emploi et esp\u00e9rons avoir de vos nouvelles bient\u00f4t !<\/p>","protected":false},"author":1,"featured_media":0,"parent":0,"menu_order":0,"comment_status":"closed","ping_status":"closed","template":"elementor_header_footer","meta":{"om_disable_all_campaigns":false,"_monsterinsights_skip_tracking":false,"_monsterinsights_sitenote_active":false,"_monsterinsights_sitenote_note":"","_monsterinsights_sitenote_category":0,"footnotes":""},"class_list":["post-1013","page","type-page","status-publish","hentry"],"aioseo_notices":[],"_links":{"self":[{"href":"https:\/\/cashflowch.com\/it\/wp-json\/wp\/v2\/pages\/1013","targetHints":{"allow":["GET"]}}],"collection":[{"href":"https:\/\/cashflowch.com\/it\/wp-json\/wp\/v2\/pages"}],"about":[{"href":"https:\/\/cashflowch.com\/it\/wp-json\/wp\/v2\/types\/page"}],"author":[{"embeddable":true,"href":"https:\/\/cashflowch.com\/it\/wp-json\/wp\/v2\/users\/1"}],"replies":[{"embeddable":true,"href":"https:\/\/cashflowch.com\/it\/wp-json\/wp\/v2\/comments?post=1013"}],"version-history":[{"count":46,"href":"https:\/\/cashflowch.com\/it\/wp-json\/wp\/v2\/pages\/1013\/revisions"}],"predecessor-version":[{"id":2548,"href":"https:\/\/cashflowch.com\/it\/wp-json\/wp\/v2\/pages\/1013\/revisions\/2548"}],"wp:attachment":[{"href":"https:\/\/cashflowch.com\/it\/wp-json\/wp\/v2\/media?parent=1013"}],"curies":[{"name":"wp","href":"https:\/\/api.w.org\/{rel}","templated":true}]}}