{"id":1004,"date":"2025-03-13T19:35:59","date_gmt":"2025-03-13T19:35:59","guid":{"rendered":"https:\/\/cashflowch.com\/?page_id=1004"},"modified":"2025-07-15T15:39:16","modified_gmt":"2025-07-15T15:39:16","slug":"gestion-administrative","status":"publish","type":"page","link":"https:\/\/cashflowch.com\/it\/gestion-administrative\/","title":{"rendered":"Gestion administrative"},"content":{"rendered":"<div data-elementor-type=\"wp-page\" data-elementor-id=\"1004\" class=\"elementor elementor-1004\" data-elementor-post-type=\"page\">\n\t\t\t\t\t\t<section class=\"elementor-section elementor-top-section elementor-element elementor-element-2731c4a9 elementor-section-full_width elementor-section-height-default elementor-section-height-default wpr-particle-no wpr-jarallax-no wpr-parallax-no wpr-sticky-section-no wpr-equal-height-no\" data-id=\"2731c4a9\" data-element_type=\"section\" data-e-type=\"section\" data-settings=\"{&quot;background_background&quot;:&quot;gradient&quot;}\">\n\t\t\t\t\t\t<div class=\"elementor-container elementor-column-gap-default\">\n\t\t\t\t\t<div class=\"elementor-column elementor-col-50 elementor-top-column elementor-element elementor-element-3f5a95cf\" data-id=\"3f5a95cf\" data-element_type=\"column\" data-e-type=\"column\" data-settings=\"{&quot;background_background&quot;:&quot;classic&quot;}\">\n\t\t\t<div class=\"elementor-widget-wrap elementor-element-populated\">\n\t\t\t\t\t<div class=\"elementor-background-overlay\"><\/div>\n\t\t\t\t\t\t\t<\/div>\n\t\t<\/div>\n\t\t\t\t<div class=\"elementor-column elementor-col-50 elementor-top-column elementor-element elementor-element-1f750964 elementor-invisible\" data-id=\"1f750964\" data-element_type=\"column\" data-e-type=\"column\" data-settings=\"{&quot;background_background&quot;:&quot;gradient&quot;,&quot;animation&quot;:&quot;fadeInRight&quot;}\">\n\t\t\t<div class=\"elementor-widget-wrap elementor-element-populated\">\n\t\t\t\t\t\t<div class=\"elementor-element elementor-element-79b97fba elementor-widget elementor-widget-heading\" data-id=\"79b97fba\" data-element_type=\"widget\" data-e-type=\"widget\" data-widget_type=\"heading.default\">\n\t\t\t\t<div class=\"elementor-widget-container\">\n\t\t\t\t\t<h3 class=\"elementor-heading-title elementor-size-default\">Nous vous facilitons la vie en lib\u00e9rant votre temps et votre espace, offrons des services financiers, professionnels et complets :<\/h3>\t\t\t\t<\/div>\n\t\t\t\t<\/div>\n\t\t\t\t<div class=\"elementor-element elementor-element-41fa98a7 elementor-widget elementor-widget-text-editor\" data-id=\"41fa98a7\" data-element_type=\"widget\" data-e-type=\"widget\" data-widget_type=\"text-editor.default\">\n\t\t\t\t<div class=\"elementor-widget-container\">\n\t\t\t\t\t\t\t\t\t<p>Gestion administrative de mani\u00e8re compl\u00e9te et globale avec acc\u00e8s facilit\u00e9 \u00e0 tous les documents\u00a0 et un stockage de mani\u00e8re structur\u00e9e .<\/p>\t\t\t\t\t\t\t\t<\/div>\n\t\t\t\t<\/div>\n\t\t\t\t<div class=\"elementor-element elementor-element-4c474972 elementor-mobile-align-center elementor-widget elementor-widget-button\" data-id=\"4c474972\" data-element_type=\"widget\" data-e-type=\"widget\" data-widget_type=\"button.default\">\n\t\t\t\t<div class=\"elementor-widget-container\">\n\t\t\t\t\t\t\t\t\t<div class=\"elementor-button-wrapper\">\n\t\t\t\t\t<a class=\"elementor-button elementor-button-link elementor-size-sm\" href=\"https:\/\/cashflowch.com\/it\/gestion-globale-de-votre-portefeuille\/\">\n\t\t\t\t\t\t<span class=\"elementor-button-content-wrapper\">\n\t\t\t\t\t\t<span class=\"elementor-button-icon\">\n\t\t\t\t<svg aria-hidden=\"true\" class=\"e-font-icon-svg e-fas-caret-right\" viewbox=\"0 0 192 512\" xmlns=\"http:\/\/www.w3.org\/2000\/svg\"><path d=\"M0 384.662V127.338c0-17.818 21.543-26.741 34.142-14.142l128.662 128.662c7.81 7.81 7.81 20.474 0 28.284L34.142 398.804C21.543 411.404 0 402.48 0 384.662z\"><\/path><\/svg>\t\t\t<\/span>\n\t\t\t\t\t\t\t\t\t<span class=\"elementor-button-text\">En savoir plus<\/span>\n\t\t\t\t\t<\/span>\n\t\t\t\t\t<\/a>\n\t\t\t\t<\/div>\n\t\t\t\t\t\t\t\t<\/div>\n\t\t\t\t<\/div>\n\t\t\t\t\t<\/div>\n\t\t<\/div>\n\t\t\t\t\t<\/div>\n\t\t<\/section>\n\t\t\t\t<section class=\"elementor-section elementor-top-section elementor-element elementor-element-3ba00368 elementor-section-boxed elementor-section-height-default elementor-section-height-default wpr-particle-no wpr-jarallax-no wpr-parallax-no wpr-sticky-section-no wpr-equal-height-no\" data-id=\"3ba00368\" data-element_type=\"section\" data-e-type=\"section\">\n\t\t\t\t\t\t<div class=\"elementor-container elementor-column-gap-default\">\n\t\t\t\t\t<div class=\"elementor-column elementor-col-100 elementor-top-column elementor-element elementor-element-44e8c6ee\" data-id=\"44e8c6ee\" data-element_type=\"column\" data-e-type=\"column\">\n\t\t\t<div class=\"elementor-widget-wrap elementor-element-populated\">\n\t\t\t\t\t\t<div class=\"elementor-element elementor-element-942700a elementor-widget elementor-widget-heading\" data-id=\"942700a\" data-element_type=\"widget\" data-e-type=\"widget\" data-widget_type=\"heading.default\">\n\t\t\t\t<div class=\"elementor-widget-container\">\n\t\t\t\t\t<h2 class=\"elementor-heading-title elementor-size-default\">Gestion administrative<\/h2>\t\t\t\t<\/div>\n\t\t\t\t<\/div>\n\t\t\t\t<div class=\"elementor-element elementor-element-3a260705 elementor-widget-divider--view-line elementor-invisible elementor-widget elementor-widget-divider\" data-id=\"3a260705\" data-element_type=\"widget\" data-e-type=\"widget\" data-settings=\"{&quot;_animation&quot;:&quot;fadeInLeft&quot;}\" data-widget_type=\"divider.default\">\n\t\t\t\t<div class=\"elementor-widget-container\">\n\t\t\t\t\t\t\t<div class=\"elementor-divider\">\n\t\t\t<span class=\"elementor-divider-separator\">\n\t\t\t\t\t\t<\/span>\n\t\t<\/div>\n\t\t\t\t\t\t<\/div>\n\t\t\t\t<\/div>\n\t\t\t\t<div class=\"elementor-element elementor-element-604285d elementor-widget elementor-widget-text-editor\" data-id=\"604285d\" data-element_type=\"widget\" data-e-type=\"widget\" data-widget_type=\"text-editor.default\">\n\t\t\t\t<div class=\"elementor-widget-container\">\n\t\t\t\t\t\t\t\t\t<p>De nos jours, nous recevons de nombreux courriers, qu\u2019ils soient physiques ou, plus souvent, num\u00e9riques via e-mail. Un classeur ici, un autre l\u00e0, des documents qui s\u2019accumulent, certains introuvables, endommag\u00e9s ou jet\u00e9s par erreur&#8230;<\/p>\n<p class=\"body-large\" dir=\"auto\">Am\u00e9liorez votre performance et votre bien-\u00eatre avec <em><u>CFC Document<\/u><\/em>. Ce programme, adaptable \u00e0 vos besoins sp\u00e9cifiques, vous permet d\u2019atteindre vos objectifs plus facilement et efficacement.<\/p>\t\t\t\t\t\t\t\t<\/div>\n\t\t\t\t<\/div>\n\t\t\t\t<div class=\"elementor-element elementor-element-09b97d7 elementor-widget elementor-widget-image\" data-id=\"09b97d7\" data-element_type=\"widget\" data-e-type=\"widget\" data-widget_type=\"image.default\">\n\t\t\t\t<div class=\"elementor-widget-container\">\n\t\t\t\t\t\t\t\t\t\t\t\t\t\t\t<img decoding=\"async\" src=\"https:\/\/cashflowch.com\/wp-content\/uploads\/2025\/03\/visual-selection-3.png\" title=\"_- visual selection (3)\" alt=\"_- visual selection (3)\" loading=\"lazy\" \/>\t\t\t\t\t\t\t\t\t\t\t\t\t\t\t<\/div>\n\t\t\t\t<\/div>\n\t\t\t\t<div class=\"elementor-element elementor-element-a768931 elementor-widget elementor-widget-text-editor\" data-id=\"a768931\" data-element_type=\"widget\" data-e-type=\"widget\" data-widget_type=\"text-editor.default\">\n\t\t\t\t<div class=\"elementor-widget-container\">\n\t\t\t\t\t\t\t\t\t<p dir=\"auto\">Cash-Flow CH vous propose une structure claire et simple pour stocker et retrouver vos documents importants de mani\u00e8re informatique dans votre cloud priv\u00e9, avec une organisation efficace et intuitive.<\/p><p dir=\"auto\">Apr\u00e8s de nombreux efforts, nous avons d\u00e9velopp\u00e9 une strat\u00e9gie de classement \u00e0 la pointe . <em><u>CFC Document<\/u><\/em> se positionne au m\u00eame niveau que les autres syst\u00e8mes de stockage de donn\u00e9es, tout en \u00e9tant plus simple et plus performant.<\/p><p dir=\"auto\">En quelques clics, vous pourrez acc\u00e9der \u00e0 n\u2019importe quel document Gagnez en espace, en temps et en efficacit\u00e9 : utiliser ce <em><u>CFC Documents<\/u><\/em> et mettez de l\u2019ordre dans vos papiers d\u00e8s aujourd\u2019hui !<\/p>\t\t\t\t\t\t\t\t<\/div>\n\t\t\t\t<\/div>\n\t\t\t\t\t<\/div>\n\t\t<\/div>\n\t\t\t\t\t<\/div>\n\t\t<\/section>\n\t\t\t\t<section class=\"elementor-section elementor-top-section elementor-element elementor-element-1c76d1d7 elementor-section-boxed elementor-section-height-default elementor-section-height-default wpr-particle-no wpr-jarallax-no wpr-parallax-no wpr-sticky-section-no wpr-equal-height-no elementor-invisible\" data-id=\"1c76d1d7\" data-element_type=\"section\" data-e-type=\"section\" data-settings=\"{&quot;background_background&quot;:&quot;classic&quot;,&quot;motion_fx_motion_fx_scrolling&quot;:&quot;yes&quot;,&quot;motion_fx_translateY_effect&quot;:&quot;yes&quot;,&quot;animation&quot;:&quot;fadeInLeft&quot;,&quot;motion_fx_translateY_speed&quot;:{&quot;unit&quot;:&quot;px&quot;,&quot;size&quot;:4,&quot;sizes&quot;:[]},&quot;motion_fx_translateY_affectedRange&quot;:{&quot;unit&quot;:&quot;%&quot;,&quot;size&quot;:&quot;&quot;,&quot;sizes&quot;:{&quot;start&quot;:0,&quot;end&quot;:100}},&quot;motion_fx_devices&quot;:[&quot;desktop&quot;,&quot;tablet&quot;,&quot;mobile&quot;]}\">\n\t\t\t\t\t\t\t<div class=\"elementor-background-overlay\"><\/div>\n\t\t\t\t\t\t\t<div class=\"elementor-container elementor-column-gap-default\">\n\t\t\t\t\t<div class=\"elementor-column elementor-col-100 elementor-top-column elementor-element elementor-element-42abde06\" data-id=\"42abde06\" data-element_type=\"column\" data-e-type=\"column\">\n\t\t\t<div class=\"elementor-widget-wrap elementor-element-populated\">\n\t\t\t\t\t\t<div class=\"elementor-element elementor-element-74bfde52 elementor-widget elementor-widget-heading\" data-id=\"74bfde52\" data-element_type=\"widget\" data-e-type=\"widget\" data-widget_type=\"heading.default\">\n\t\t\t\t<div class=\"elementor-widget-container\">\n\t\t\t\t\t<h2 class=\"elementor-heading-title elementor-size-default\">Passer \u00e0 l'etape SUP\u00c9RIEUR et utiliser la methode de stockage facile<\/h2>\t\t\t\t<\/div>\n\t\t\t\t<\/div>\n\t\t\t\t<div class=\"elementor-element elementor-element-d751994 elementor-widget elementor-widget-heading\" data-id=\"d751994\" data-element_type=\"widget\" data-e-type=\"widget\" data-widget_type=\"heading.default\">\n\t\t\t\t<div class=\"elementor-widget-container\">\n\t\t\t\t\t<h4 class=\"elementor-heading-title elementor-size-default\">AVEC CASH-FLOW CH<\/h4>\t\t\t\t<\/div>\n\t\t\t\t<\/div>\n\t\t\t\t<div class=\"elementor-element elementor-element-18376dd5 elementor-invisible elementor-widget elementor-widget-button\" data-id=\"18376dd5\" data-element_type=\"widget\" data-e-type=\"widget\" data-settings=\"{&quot;_animation&quot;:&quot;fadeInLeft&quot;}\" data-widget_type=\"button.default\">\n\t\t\t\t<div class=\"elementor-widget-container\">\n\t\t\t\t\t\t\t\t\t<div class=\"elementor-button-wrapper\">\n\t\t\t\t\t<a class=\"elementor-button elementor-button-link elementor-size-sm\" href=\"https:\/\/calendar.notion.so\/meet\/davidecasellini\/people\">\n\t\t\t\t\t\t<span class=\"elementor-button-content-wrapper\">\n\t\t\t\t\t\t<span class=\"elementor-button-icon\">\n\t\t\t\t<svg aria-hidden=\"true\" class=\"e-font-icon-svg e-fas-caret-right\" viewbox=\"0 0 192 512\" xmlns=\"http:\/\/www.w3.org\/2000\/svg\"><path d=\"M0 384.662V127.338c0-17.818 21.543-26.741 34.142-14.142l128.662 128.662c7.81 7.81 7.81 20.474 0 28.284L34.142 398.804C21.543 411.404 0 402.48 0 384.662z\"><\/path><\/svg>\t\t\t<\/span>\n\t\t\t\t\t\t\t\t\t<span class=\"elementor-button-text\">En savoir plus <\/span>\n\t\t\t\t\t<\/span>\n\t\t\t\t\t<\/a>\n\t\t\t\t<\/div>\n\t\t\t\t\t\t\t\t<\/div>\n\t\t\t\t<\/div>\n\t\t\t\t\t<\/div>\n\t\t<\/div>\n\t\t\t\t\t<\/div>\n\t\t<\/section>\n\t\t\t\t<\/div>","protected":false},"excerpt":{"rendered":"<p>Nous vous facilitons la vie en lib\u00e9rant votre temps et votre espace, offrons des services financiers, professionnels et complets : Gestion administrative de mani\u00e8re compl\u00e9te et globale avec acc\u00e8s facilit\u00e9 \u00e0 tous les documents\u00a0 et un stockage de mani\u00e8re structur\u00e9e . En savoir plus Gestion administrative De nos jours, nous recevons de nombreux courriers, qu\u2019ils soient physiques ou, plus souvent, num\u00e9riques via e-mail. Un classeur ici, un autre l\u00e0, des documents qui s\u2019accumulent, certains introuvables, endommag\u00e9s ou jet\u00e9s par erreur&#8230; Am\u00e9liorez votre performance et votre bien-\u00eatre avec CFC Document. Ce programme, adaptable \u00e0 vos besoins sp\u00e9cifiques, vous permet d\u2019atteindre vos objectifs plus facilement et efficacement. Cash-Flow CH vous propose une structure claire et simple pour stocker et retrouver vos documents importants de mani\u00e8re informatique dans votre cloud priv\u00e9, avec une organisation efficace et intuitive. Apr\u00e8s de nombreux efforts, nous avons d\u00e9velopp\u00e9 une strat\u00e9gie de classement \u00e0 la pointe . CFC Document se positionne au m\u00eame niveau que les autres syst\u00e8mes de stockage de donn\u00e9es, tout en \u00e9tant plus simple et plus performant. En quelques clics, vous pourrez acc\u00e9der \u00e0 n\u2019importe quel document Gagnez en espace, en temps et en efficacit\u00e9 : utiliser ce CFC Documents et mettez de l\u2019ordre dans vos papiers d\u00e8s aujourd\u2019hui ! Passer \u00e0 l&rsquo;etape SUP\u00c9RIEUR et utiliser la methode de stockage facile AVEC CASH-FLOW CH En savoir plus<\/p>","protected":false},"author":1,"featured_media":0,"parent":0,"menu_order":0,"comment_status":"closed","ping_status":"closed","template":"elementor_header_footer","meta":{"om_disable_all_campaigns":false,"_monsterinsights_skip_tracking":false,"_monsterinsights_sitenote_active":false,"_monsterinsights_sitenote_note":"","_monsterinsights_sitenote_category":0,"footnotes":""},"class_list":["post-1004","page","type-page","status-publish","hentry"],"aioseo_notices":[],"_links":{"self":[{"href":"https:\/\/cashflowch.com\/it\/wp-json\/wp\/v2\/pages\/1004","targetHints":{"allow":["GET"]}}],"collection":[{"href":"https:\/\/cashflowch.com\/it\/wp-json\/wp\/v2\/pages"}],"about":[{"href":"https:\/\/cashflowch.com\/it\/wp-json\/wp\/v2\/types\/page"}],"author":[{"embeddable":true,"href":"https:\/\/cashflowch.com\/it\/wp-json\/wp\/v2\/users\/1"}],"replies":[{"embeddable":true,"href":"https:\/\/cashflowch.com\/it\/wp-json\/wp\/v2\/comments?post=1004"}],"version-history":[{"count":49,"href":"https:\/\/cashflowch.com\/it\/wp-json\/wp\/v2\/pages\/1004\/revisions"}],"predecessor-version":[{"id":2591,"href":"https:\/\/cashflowch.com\/it\/wp-json\/wp\/v2\/pages\/1004\/revisions\/2591"}],"wp:attachment":[{"href":"https:\/\/cashflowch.com\/it\/wp-json\/wp\/v2\/media?parent=1004"}],"curies":[{"name":"wp","href":"https:\/\/api.w.org\/{rel}","templated":true}]}}