{"id":990,"date":"2025-03-13T19:29:57","date_gmt":"2025-03-13T19:29:57","guid":{"rendered":"https:\/\/cashflowch.com\/?page_id=990"},"modified":"2025-07-15T12:28:17","modified_gmt":"2025-07-15T12:28:17","slug":"consulting","status":"publish","type":"page","link":"https:\/\/cashflowch.com\/en\/consulting\/","title":{"rendered":"Consulting"},"content":{"rendered":"<div data-elementor-type=\"wp-page\" data-elementor-id=\"990\" class=\"elementor elementor-990\" data-elementor-post-type=\"page\">\n\t\t\t\t\t\t<section class=\"elementor-section elementor-top-section elementor-element elementor-element-6aece059 elementor-section-full_width elementor-section-height-default elementor-section-height-default wpr-particle-no wpr-jarallax-no wpr-parallax-no wpr-sticky-section-no wpr-equal-height-no\" data-id=\"6aece059\" data-element_type=\"section\" data-e-type=\"section\" data-settings=\"{&quot;background_background&quot;:&quot;gradient&quot;}\">\n\t\t\t\t\t\t<div class=\"elementor-container elementor-column-gap-default\">\n\t\t\t\t\t<div class=\"elementor-column elementor-col-50 elementor-top-column elementor-element elementor-element-491498bd\" data-id=\"491498bd\" data-element_type=\"column\" data-e-type=\"column\" data-settings=\"{&quot;background_background&quot;:&quot;classic&quot;}\">\n\t\t\t<div class=\"elementor-widget-wrap elementor-element-populated\">\n\t\t\t\t\t<div class=\"elementor-background-overlay\"><\/div>\n\t\t\t\t\t\t\t<\/div>\n\t\t<\/div>\n\t\t\t\t<div class=\"elementor-column elementor-col-50 elementor-top-column elementor-element elementor-element-2a3b3cff elementor-invisible\" data-id=\"2a3b3cff\" data-element_type=\"column\" data-e-type=\"column\" data-settings=\"{&quot;background_background&quot;:&quot;gradient&quot;,&quot;animation&quot;:&quot;fadeInRight&quot;}\">\n\t\t\t<div class=\"elementor-widget-wrap elementor-element-populated\">\n\t\t\t\t\t\t<div class=\"elementor-element elementor-element-166180f1 elementor-widget elementor-widget-heading\" data-id=\"166180f1\" data-element_type=\"widget\" data-e-type=\"widget\" data-widget_type=\"heading.default\">\n\t\t\t\t<div class=\"elementor-widget-container\">\n\t\t\t\t\t<h3 class=\"elementor-heading-title elementor-size-default\">Nous offrons des services financiers et professionnels complets :<\/h3>\t\t\t\t<\/div>\n\t\t\t\t<\/div>\n\t\t\t\t<div class=\"elementor-element elementor-element-624618d elementor-widget elementor-widget-text-editor\" data-id=\"624618d\" data-element_type=\"widget\" data-e-type=\"widget\" data-widget_type=\"text-editor.default\">\n\t\t\t\t<div class=\"elementor-widget-container\">\n\t\t\t\t\t\t\t\t\t<p>Conseils personnalis\u00e9s, solutions sur mesure, gestion administrative efficace pour s\u00e9curiser votre avenir \u00e0 chaque \u00e9tape de votre vie.<\/p>\t\t\t\t\t\t\t\t<\/div>\n\t\t\t\t<\/div>\n\t\t\t\t<div class=\"elementor-element elementor-element-57ede4cb elementor-mobile-align-center elementor-widget elementor-widget-button\" data-id=\"57ede4cb\" data-element_type=\"widget\" data-e-type=\"widget\" data-widget_type=\"button.default\">\n\t\t\t\t<div class=\"elementor-widget-container\">\n\t\t\t\t\t\t\t\t\t<div class=\"elementor-button-wrapper\">\n\t\t\t\t\t<a class=\"elementor-button elementor-button-link elementor-size-sm\" href=\"https:\/\/calendar.notion.so\/meet\/davidecasellini\/people\">\n\t\t\t\t\t\t<span class=\"elementor-button-content-wrapper\">\n\t\t\t\t\t\t<span class=\"elementor-button-icon\">\n\t\t\t\t<svg aria-hidden=\"true\" class=\"e-font-icon-svg e-fas-caret-right\" viewbox=\"0 0 192 512\" xmlns=\"http:\/\/www.w3.org\/2000\/svg\"><path d=\"M0 384.662V127.338c0-17.818 21.543-26.741 34.142-14.142l128.662 128.662c7.81 7.81 7.81 20.474 0 28.284L34.142 398.804C21.543 411.404 0 402.48 0 384.662z\"><\/path><\/svg>\t\t\t<\/span>\n\t\t\t\t\t\t\t\t\t<span class=\"elementor-button-text\">R\u00e9servez<\/span>\n\t\t\t\t\t<\/span>\n\t\t\t\t\t<\/a>\n\t\t\t\t<\/div>\n\t\t\t\t\t\t\t\t<\/div>\n\t\t\t\t<\/div>\n\t\t\t\t\t<\/div>\n\t\t<\/div>\n\t\t\t\t\t<\/div>\n\t\t<\/section>\n\t\t\t\t<section class=\"elementor-section elementor-top-section elementor-element elementor-element-7797eebf elementor-section-boxed elementor-section-height-default elementor-section-height-default wpr-particle-no wpr-jarallax-no wpr-parallax-no wpr-sticky-section-no wpr-equal-height-no\" data-id=\"7797eebf\" data-element_type=\"section\" data-e-type=\"section\">\n\t\t\t\t\t\t<div class=\"elementor-container elementor-column-gap-default\">\n\t\t\t\t\t<div class=\"elementor-column elementor-col-100 elementor-top-column elementor-element elementor-element-452851a5\" data-id=\"452851a5\" data-element_type=\"column\" data-e-type=\"column\">\n\t\t\t<div class=\"elementor-widget-wrap elementor-element-populated\">\n\t\t\t\t\t\t<div class=\"elementor-element elementor-element-438463b3 elementor-widget elementor-widget-heading\" data-id=\"438463b3\" data-element_type=\"widget\" data-e-type=\"widget\" data-widget_type=\"heading.default\">\n\t\t\t\t<div class=\"elementor-widget-container\">\n\t\t\t\t\t<h1 class=\"elementor-heading-title elementor-size-default\">Consulting<\/h1>\t\t\t\t<\/div>\n\t\t\t\t<\/div>\n\t\t\t\t<div class=\"elementor-element elementor-element-378388b5 elementor-widget-divider--view-line elementor-invisible elementor-widget elementor-widget-divider\" data-id=\"378388b5\" data-element_type=\"widget\" data-e-type=\"widget\" data-settings=\"{&quot;_animation&quot;:&quot;fadeInLeft&quot;}\" data-widget_type=\"divider.default\">\n\t\t\t\t<div class=\"elementor-widget-container\">\n\t\t\t\t\t\t\t<div class=\"elementor-divider\">\n\t\t\t<span class=\"elementor-divider-separator\">\n\t\t\t\t\t\t<\/span>\n\t\t<\/div>\n\t\t\t\t\t\t<\/div>\n\t\t\t\t<\/div>\n\t\t\t\t<div class=\"elementor-element elementor-element-11d3fed6 elementor-widget elementor-widget-text-editor\" data-id=\"11d3fed6\" data-element_type=\"widget\" data-e-type=\"widget\" data-widget_type=\"text-editor.default\">\n\t\t\t\t<div class=\"elementor-widget-container\">\n\t\t\t\t\t\t\t\t\t<div class=\"text-box\"><h3>Travaillez avec un Conseiller Financier Ind\u00e9pendant<\/h3><p>Collaborer avec un conseiller financier ind\u00e9pendant offre un avantage comp\u00e9titif ind\u00e9niable. En tant que conseillers financiers, notre approche se concentre sur l\u2019\u00e9laboration d\u2019un plan financier global, con\u00e7u pour r\u00e9pondre \u00e0 vos besoins \u00e0 long terme, sans \u00eatre limit\u00e9 \u00e0 des produits sp\u00e9cifiques ou \u00e0 un secteur financier particulier, \u00e9vitant ainsi tout conflit d\u2019int\u00e9r\u00eats.<\/p><p>\u00a0<\/p><\/div><div class=\"text-box\"><h3>Vos Objectifs au C\u0153ur de Notre Mission<\/h3><p>Nous croyons fermement que vos d\u00e9sirs et objectifs sont au centre de tout ce que nous faisons. C\u2019est pourquoi nous pla\u00e7ons toujours vos pr\u00e9f\u00e9rences comme notre priorit\u00e9 absolue.<\/p><p>\u00a0<\/p><\/div><div class=\"text-box\"><h3>Un Accompagnement Financier Exclusif<\/h3><p>Nous sommes l\u00e0 pour ceux qui, comme vous, souhaitent b\u00e9n\u00e9ficier d\u2019un accompagnement financier exclusif, habituellement r\u00e9serv\u00e9 aux plus grandes fortunes. Prenez le contr\u00f4le de vos finances d\u00e8s aujourd\u2019hui et laissez-nous vous guider vers un avenir financier prosp\u00e8re et s\u00e9curis\u00e9.<\/p><p>\u00a0<\/p><\/div><div class=\"text-box\"><h3>Un Coach Financier \u00e0 Vos C\u00f4t\u00e9s<\/h3><p>En b\u00e9n\u00e9ficiant d\u2019un accompagnement tout au long de votre vie, vous avez acc\u00e8s \u00e0 un coach financier sp\u00e9cialis\u00e9 qui vous conna\u00eet et vous soutient dans tous les d\u00e9fis que vous rencontrerez. Nous vous invitons \u00e0 \u00e9changer lors d\u2019un premier rendez-vous de d\u00e9couverte, o\u00f9 nous pourrons discuter de vos r\u00eaves et ambitions patrimoniales.<\/p><p>\u00a0<\/p><\/div><div class=\"text-box\"><h3>Parlons de Votre Projet !<\/h3><p>Nous vous proposons des services adapt\u00e9s \u00e0 vos besoins :<\/p><\/div>\t\t\t\t\t\t\t\t<\/div>\n\t\t\t\t<\/div>\n\t\t\t\t<div class=\"elementor-element elementor-element-713ad05 elementor-widget elementor-widget-image\" data-id=\"713ad05\" data-element_type=\"widget\" data-e-type=\"widget\" data-widget_type=\"image.default\">\n\t\t\t\t<div class=\"elementor-widget-container\">\n\t\t\t\t\t\t\t\t\t\t\t\t\t\t\t<img decoding=\"async\" src=\"https:\/\/cashflowch.com\/wp-content\/uploads\/2025\/03\/visual-selection-6.png\" title=\"_- visual selection (6)\" alt=\"_- visual selection (6)\" loading=\"lazy\" \/>\t\t\t\t\t\t\t\t\t\t\t\t\t\t\t<\/div>\n\t\t\t\t<\/div>\n\t\t\t\t\t<\/div>\n\t\t<\/div>\n\t\t\t\t\t<\/div>\n\t\t<\/section>\n\t\t\t\t<section class=\"elementor-section elementor-top-section elementor-element elementor-element-79f503bb elementor-section-boxed elementor-section-height-default elementor-section-height-default wpr-particle-no wpr-jarallax-no wpr-parallax-no wpr-sticky-section-no wpr-equal-height-no elementor-invisible\" data-id=\"79f503bb\" data-element_type=\"section\" data-e-type=\"section\" data-settings=\"{&quot;background_background&quot;:&quot;classic&quot;,&quot;motion_fx_motion_fx_scrolling&quot;:&quot;yes&quot;,&quot;motion_fx_translateY_effect&quot;:&quot;yes&quot;,&quot;animation&quot;:&quot;fadeInLeft&quot;,&quot;motion_fx_translateY_speed&quot;:{&quot;unit&quot;:&quot;px&quot;,&quot;size&quot;:4,&quot;sizes&quot;:[]},&quot;motion_fx_translateY_affectedRange&quot;:{&quot;unit&quot;:&quot;%&quot;,&quot;size&quot;:&quot;&quot;,&quot;sizes&quot;:{&quot;start&quot;:0,&quot;end&quot;:100}},&quot;motion_fx_devices&quot;:[&quot;desktop&quot;,&quot;tablet&quot;,&quot;mobile&quot;]}\">\n\t\t\t\t\t\t\t<div class=\"elementor-background-overlay\"><\/div>\n\t\t\t\t\t\t\t<div class=\"elementor-container elementor-column-gap-default\">\n\t\t\t\t\t<div class=\"elementor-column elementor-col-100 elementor-top-column elementor-element elementor-element-390c35ec\" data-id=\"390c35ec\" data-element_type=\"column\" data-e-type=\"column\">\n\t\t\t<div class=\"elementor-widget-wrap elementor-element-populated\">\n\t\t\t\t\t\t<div class=\"elementor-element elementor-element-435a9f8c elementor-widget elementor-widget-heading\" data-id=\"435a9f8c\" data-element_type=\"widget\" data-e-type=\"widget\" data-widget_type=\"heading.default\">\n\t\t\t\t<div class=\"elementor-widget-container\">\n\t\t\t\t\t<h1 class=\"elementor-heading-title elementor-size-default\">R\u00c9SERVEZ VOTRE CONSULTATION FINANCI\u00c8RE<\/h1>\t\t\t\t<\/div>\n\t\t\t\t<\/div>\n\t\t\t\t<div class=\"elementor-element elementor-element-7367245e elementor-widget elementor-widget-heading\" data-id=\"7367245e\" data-element_type=\"widget\" data-e-type=\"widget\" data-widget_type=\"heading.default\">\n\t\t\t\t<div class=\"elementor-widget-container\">\n\t\t\t\t\t<h4 class=\"elementor-heading-title elementor-size-default\">AVEC CASH-FLOW CH<\/h4>\t\t\t\t<\/div>\n\t\t\t\t<\/div>\n\t\t\t\t<div class=\"elementor-element elementor-element-7b22834 elementor-invisible elementor-widget elementor-widget-button\" data-id=\"7b22834\" data-element_type=\"widget\" data-e-type=\"widget\" data-settings=\"{&quot;_animation&quot;:&quot;fadeInLeft&quot;}\" data-widget_type=\"button.default\">\n\t\t\t\t<div class=\"elementor-widget-container\">\n\t\t\t\t\t\t\t\t\t<div class=\"elementor-button-wrapper\">\n\t\t\t\t\t<a class=\"elementor-button elementor-button-link elementor-size-sm\" href=\"https:\/\/calendar.notion.so\/meet\/davidecasellini\/people\">\n\t\t\t\t\t\t<span class=\"elementor-button-content-wrapper\">\n\t\t\t\t\t\t<span class=\"elementor-button-icon\">\n\t\t\t\t<svg aria-hidden=\"true\" class=\"e-font-icon-svg e-fas-caret-right\" viewbox=\"0 0 192 512\" xmlns=\"http:\/\/www.w3.org\/2000\/svg\"><path d=\"M0 384.662V127.338c0-17.818 21.543-26.741 34.142-14.142l128.662 128.662c7.81 7.81 7.81 20.474 0 28.284L34.142 398.804C21.543 411.404 0 402.48 0 384.662z\"><\/path><\/svg>\t\t\t<\/span>\n\t\t\t\t\t\t\t\t\t<span class=\"elementor-button-text\">R\u00c9SERVE MAINTENANT<\/span>\n\t\t\t\t\t<\/span>\n\t\t\t\t\t<\/a>\n\t\t\t\t<\/div>\n\t\t\t\t\t\t\t\t<\/div>\n\t\t\t\t<\/div>\n\t\t\t\t\t<\/div>\n\t\t<\/div>\n\t\t\t\t\t<\/div>\n\t\t<\/section>\n\t\t\t\t<\/div>","protected":false},"excerpt":{"rendered":"<p>Nous offrons des services financiers et professionnels complets : Conseils personnalis\u00e9s, solutions sur mesure, gestion administrative efficace pour s\u00e9curiser votre avenir \u00e0 chaque \u00e9tape de votre vie. R\u00e9servez Consulting Travaillez avec un Conseiller Financier Ind\u00e9pendant Collaborer avec un conseiller financier ind\u00e9pendant offre un avantage comp\u00e9titif ind\u00e9niable. En tant que conseillers financiers, notre approche se concentre sur l\u2019\u00e9laboration d\u2019un plan financier global, con\u00e7u pour r\u00e9pondre \u00e0 vos besoins \u00e0 long terme, sans \u00eatre limit\u00e9 \u00e0 des produits sp\u00e9cifiques ou \u00e0 un secteur financier particulier, \u00e9vitant ainsi tout conflit d\u2019int\u00e9r\u00eats. \u00a0 Vos Objectifs au C\u0153ur de Notre Mission Nous croyons fermement que vos d\u00e9sirs et objectifs sont au centre de tout ce que nous faisons. C\u2019est pourquoi nous pla\u00e7ons toujours vos pr\u00e9f\u00e9rences comme notre priorit\u00e9 absolue. \u00a0 Un Accompagnement Financier Exclusif Nous sommes l\u00e0 pour ceux qui, comme vous, souhaitent b\u00e9n\u00e9ficier d\u2019un accompagnement financier exclusif, habituellement r\u00e9serv\u00e9 aux plus grandes fortunes. Prenez le contr\u00f4le de vos finances d\u00e8s aujourd\u2019hui et laissez-nous vous guider vers un avenir financier prosp\u00e8re et s\u00e9curis\u00e9. \u00a0 Un Coach Financier \u00e0 Vos C\u00f4t\u00e9s En b\u00e9n\u00e9ficiant d\u2019un accompagnement tout au long de votre vie, vous avez acc\u00e8s \u00e0 un coach financier sp\u00e9cialis\u00e9 qui vous conna\u00eet et vous soutient dans tous les d\u00e9fis que vous rencontrerez. Nous vous invitons \u00e0 \u00e9changer lors d\u2019un premier rendez-vous de d\u00e9couverte, o\u00f9 nous pourrons discuter de vos r\u00eaves et ambitions patrimoniales. \u00a0 Parlons de Votre Projet ! Nous vous proposons des services adapt\u00e9s \u00e0 vos besoins : R\u00c9SERVEZ VOTRE CONSULTATION FINANCI\u00c8RE AVEC CASH-FLOW CH R\u00c9SERVE MAINTENANT<\/p>","protected":false},"author":1,"featured_media":0,"parent":0,"menu_order":0,"comment_status":"closed","ping_status":"closed","template":"elementor_header_footer","meta":{"om_disable_all_campaigns":false,"_monsterinsights_skip_tracking":false,"_monsterinsights_sitenote_active":false,"_monsterinsights_sitenote_note":"","_monsterinsights_sitenote_category":0,"footnotes":""},"class_list":["post-990","page","type-page","status-publish","hentry"],"aioseo_notices":[],"_links":{"self":[{"href":"https:\/\/cashflowch.com\/en\/wp-json\/wp\/v2\/pages\/990","targetHints":{"allow":["GET"]}}],"collection":[{"href":"https:\/\/cashflowch.com\/en\/wp-json\/wp\/v2\/pages"}],"about":[{"href":"https:\/\/cashflowch.com\/en\/wp-json\/wp\/v2\/types\/page"}],"author":[{"embeddable":true,"href":"https:\/\/cashflowch.com\/en\/wp-json\/wp\/v2\/users\/1"}],"replies":[{"embeddable":true,"href":"https:\/\/cashflowch.com\/en\/wp-json\/wp\/v2\/comments?post=990"}],"version-history":[{"count":43,"href":"https:\/\/cashflowch.com\/en\/wp-json\/wp\/v2\/pages\/990\/revisions"}],"predecessor-version":[{"id":2539,"href":"https:\/\/cashflowch.com\/en\/wp-json\/wp\/v2\/pages\/990\/revisions\/2539"}],"wp:attachment":[{"href":"https:\/\/cashflowch.com\/en\/wp-json\/wp\/v2\/media?parent=990"}],"curies":[{"name":"wp","href":"https:\/\/api.w.org\/{rel}","templated":true}]}}