{"id":1320,"date":"2025-03-21T12:50:49","date_gmt":"2025-03-21T12:50:49","guid":{"rendered":"https:\/\/cashflowch.com\/?page_id=1320"},"modified":"2025-07-15T16:25:10","modified_gmt":"2025-07-15T16:25:10","slug":"planification-retraite-2","status":"publish","type":"page","link":"https:\/\/cashflowch.com\/en\/planification-retraite-2\/","title":{"rendered":"PLANIFICATION RETRAITE"},"content":{"rendered":"<div data-elementor-type=\"wp-page\" data-elementor-id=\"1320\" class=\"elementor elementor-1320\" data-elementor-post-type=\"page\">\n\t\t\t\t\t\t<section class=\"elementor-section elementor-top-section elementor-element elementor-element-6aece059 elementor-section-full_width elementor-section-height-default elementor-section-height-default wpr-particle-no wpr-jarallax-no wpr-parallax-no wpr-sticky-section-no wpr-equal-height-no\" data-id=\"6aece059\" data-element_type=\"section\" data-e-type=\"section\" data-settings=\"{&quot;background_background&quot;:&quot;gradient&quot;}\">\n\t\t\t\t\t\t<div class=\"elementor-container elementor-column-gap-default\">\n\t\t\t\t\t<div class=\"elementor-column elementor-col-50 elementor-top-column elementor-element elementor-element-491498bd\" data-id=\"491498bd\" data-element_type=\"column\" data-e-type=\"column\" data-settings=\"{&quot;background_background&quot;:&quot;classic&quot;}\">\n\t\t\t<div class=\"elementor-widget-wrap elementor-element-populated\">\n\t\t\t\t\t<div class=\"elementor-background-overlay\"><\/div>\n\t\t\t\t\t\t\t<\/div>\n\t\t<\/div>\n\t\t\t\t<div class=\"elementor-column elementor-col-50 elementor-top-column elementor-element elementor-element-2a3b3cff elementor-invisible\" data-id=\"2a3b3cff\" data-element_type=\"column\" data-e-type=\"column\" data-settings=\"{&quot;background_background&quot;:&quot;gradient&quot;,&quot;animation&quot;:&quot;fadeInRight&quot;}\">\n\t\t\t<div class=\"elementor-widget-wrap elementor-element-populated\">\n\t\t\t\t\t\t<div class=\"elementor-element elementor-element-166180f1 elementor-widget elementor-widget-heading\" data-id=\"166180f1\" data-element_type=\"widget\" data-e-type=\"widget\" data-widget_type=\"heading.default\">\n\t\t\t\t<div class=\"elementor-widget-container\">\n\t\t\t\t\t<h3 class=\"elementor-heading-title elementor-size-default\">S\u00c9CURISEZ VOTRE AVENIR AVEC CASH-FLOW CH<\/h3>\t\t\t\t<\/div>\n\t\t\t\t<\/div>\n\t\t\t\t<div class=\"elementor-element elementor-element-624618d elementor-widget elementor-widget-text-editor\" data-id=\"624618d\" data-element_type=\"widget\" data-e-type=\"widget\" data-widget_type=\"text-editor.default\">\n\t\t\t\t<div class=\"elementor-widget-container\">\n\t\t\t\t\t\t\t\t\t<p>Pr\u00e9parez votre retraite sereine gr\u00e2ce \u00e0 nos conseils personnalis\u00e9s, une gestion efficace et des solutions adapt\u00e9es \u00e0 chaque \u00e9tape de votre vie.<\/p>\t\t\t\t\t\t\t\t<\/div>\n\t\t\t\t<\/div>\n\t\t\t\t<div class=\"elementor-element elementor-element-57ede4cb elementor-mobile-align-center elementor-widget elementor-widget-button\" data-id=\"57ede4cb\" data-element_type=\"widget\" data-e-type=\"widget\" data-widget_type=\"button.default\">\n\t\t\t\t<div class=\"elementor-widget-container\">\n\t\t\t\t\t\t\t\t\t<div class=\"elementor-button-wrapper\">\n\t\t\t\t\t<a class=\"elementor-button elementor-button-link elementor-size-sm\" href=\"https:\/\/calendar.notion.so\/meet\/davidecasellini\/people\">\n\t\t\t\t\t\t<span class=\"elementor-button-content-wrapper\">\n\t\t\t\t\t\t<span class=\"elementor-button-icon\">\n\t\t\t\t<svg aria-hidden=\"true\" class=\"e-font-icon-svg e-fas-caret-right\" viewbox=\"0 0 192 512\" xmlns=\"http:\/\/www.w3.org\/2000\/svg\"><path d=\"M0 384.662V127.338c0-17.818 21.543-26.741 34.142-14.142l128.662 128.662c7.81 7.81 7.81 20.474 0 28.284L34.142 398.804C21.543 411.404 0 402.48 0 384.662z\"><\/path><\/svg>\t\t\t<\/span>\n\t\t\t\t\t\t\t\t\t<span class=\"elementor-button-text\">R\u00e9servez un rendez-vous informatif <\/span>\n\t\t\t\t\t<\/span>\n\t\t\t\t\t<\/a>\n\t\t\t\t<\/div>\n\t\t\t\t\t\t\t\t<\/div>\n\t\t\t\t<\/div>\n\t\t\t\t\t<\/div>\n\t\t<\/div>\n\t\t\t\t\t<\/div>\n\t\t<\/section>\n\t\t\t\t<section class=\"elementor-section elementor-top-section elementor-element elementor-element-7797eebf elementor-section-boxed elementor-section-height-default elementor-section-height-default wpr-particle-no wpr-jarallax-no wpr-parallax-no wpr-sticky-section-no wpr-equal-height-no\" data-id=\"7797eebf\" data-element_type=\"section\" data-e-type=\"section\">\n\t\t\t\t\t\t<div class=\"elementor-container elementor-column-gap-default\">\n\t\t\t\t\t<div class=\"elementor-column elementor-col-100 elementor-top-column elementor-element elementor-element-452851a5\" data-id=\"452851a5\" data-element_type=\"column\" data-e-type=\"column\">\n\t\t\t<div class=\"elementor-widget-wrap elementor-element-populated\">\n\t\t\t\t\t\t<div class=\"elementor-element elementor-element-438463b3 elementor-widget elementor-widget-heading\" data-id=\"438463b3\" data-element_type=\"widget\" data-e-type=\"widget\" data-widget_type=\"heading.default\">\n\t\t\t\t<div class=\"elementor-widget-container\">\n\t\t\t\t\t<h2 class=\"elementor-heading-title elementor-size-default\">PLANIFICATION RETRAITE<\/h2>\t\t\t\t<\/div>\n\t\t\t\t<\/div>\n\t\t\t\t<div class=\"elementor-element elementor-element-378388b5 elementor-widget-divider--view-line elementor-invisible elementor-widget elementor-widget-divider\" data-id=\"378388b5\" data-element_type=\"widget\" data-e-type=\"widget\" data-settings=\"{&quot;_animation&quot;:&quot;fadeInLeft&quot;}\" data-widget_type=\"divider.default\">\n\t\t\t\t<div class=\"elementor-widget-container\">\n\t\t\t\t\t\t\t<div class=\"elementor-divider\">\n\t\t\t<span class=\"elementor-divider-separator\">\n\t\t\t\t\t\t<\/span>\n\t\t<\/div>\n\t\t\t\t\t\t<\/div>\n\t\t\t\t<\/div>\n\t\t\t\t<div class=\"elementor-element elementor-element-11d3fed6 elementor-widget elementor-widget-text-editor\" data-id=\"11d3fed6\" data-element_type=\"widget\" data-e-type=\"widget\" data-widget_type=\"text-editor.default\">\n\t\t\t\t<div class=\"elementor-widget-container\">\n\t\t\t\t\t\t\t\t\t<div>\n<h3>commencer t\u00f4t : un atout majeur<\/h3>\n<div>&nbsp;<\/div>\n<p>Il n\u2019est jamais trop t\u00f4t pour pr\u00e9parer votre retraite. Selon votre vision de la libert\u00e9 financi\u00e8re, vous pouvez viser une retraite ordinaire \u00e0 65 ans, r\u00e9duire votre temps de travail, ou m\u00eame arr\u00eater plus t\u00f4t. D\u00e9finir votre objectif et vous permettra de planifier&nbsp; votre&nbsp; n\u00e9cessaire pour les atteindre \u00e9pargne et l&rsquo;investissement.<\/p>\n<h4><span style=\"text-decoration: underline;\"><br><\/span><\/h4><h4><span style=\"text-decoration: underline;\">Avant 50 ans<\/span> : se projeter<\/h4>\n<p>\u00c0 partir de 50 ans, il est pertinent de penser \u00e0 la retraite et de votre fortune. En fonction de votre \u00e9pargne, des outils d\u2019optimisation fiscale et de rendement peuvent \u00eatre mis en place.<\/p>\n<h4><span style=\"color: inherit;\"><b><u><br><\/u><\/b><\/span><\/h4><h4><span style=\"color: inherit;\"><b><u>De 50 ans \u00e0 55 ans<\/u> : \u00e9tapes cl\u00e9s<\/b><\/span><\/h4>\n<ul>\n<li><em><u>D\u00e9finir vos besoins et objectifs :<\/u><\/em> R\u00e9fl\u00e9chissez \u00e0 votre style de vie, votre lieu de r\u00e9sidence et vos projets, en discutant avec vos proches.<\/li>\n<li><em><u>Anticiper votre logement :<\/u><\/em> Souhaitez-vous d\u00e9m\u00e9nager, vivre \u00e0 l\u2019\u00e9tranger ou adapter votre logement pour l\u2019avenir ?<\/li>\n<li><em><u>Pr\u00e9parer la transmission de votre patrimoine :<\/u><\/em> Planifiez la r\u00e9partition de vos biens avec un testament ou un pacte successoral.<\/li>\n<li><em><u>\u00c9valuer votre situation financi\u00e8re :<\/u><\/em> <a href=\"http:\/\/cashflowch.com\/wp-content\/uploads\/2025\/06\/Budget-menage-Excel.xls\">Recensez vos revenus, d\u00e9penses,<\/a> actifs et passifs. Analysez la faisabilit\u00e9 d\u2019une retraite anticip\u00e9e et planifiez vos besoins futurs.<\/li>\n<li><em><u>Optimiser vos finances :<\/u><\/em> Planifiez votre retraite, ajustez vos placements et explorez les optimisation fiscales pour un avenir confortable.<\/li>\n<li><em><u>Maximiser vos pr\u00e9voyances 3a et 3b :<\/u><\/em> Utilisez les avantages fiscaux pour renforcer votre capital retraite.<\/li>\n<li><em><u>Planifier votre temps libre :<\/u><\/em> Pr\u00e9parez-vous \u00e0 cette nouvelle \u00e9tape en trouvant des activit\u00e9s qui vous passionnent.<\/li>\n<li><em><u>\u00c9tudier les rachats de caisse de pensions :<\/u><\/em> R\u00e9duisez votre charge fiscale et am\u00e9liorez vos prestations.<\/li>\n<\/ul>\n<div>&nbsp;<\/div>\n<div>&nbsp;<\/div>\n<div>&nbsp;<\/div>\n<h4><span style=\"text-decoration: underline;\">Vers 60 ans<\/span> : <a href=\"http:\/\/cashflowch.com\/wp-content\/uploads\/2025\/06\/Budget-menage-Excel.xls\">affiner votre plan<\/a><\/h4>\n<ul>\n<li><em><u>\u00c9tablir un <a href=\"http:\/\/cashflowch.com\/wp-content\/uploads\/2025\/06\/Budget-menage-Excel.xls\">budget d\u00e9taill\u00e9<\/a> :<\/u><\/em> Calculez vos revenus et d\u00e9penses probables.<\/li>\n<li><em><u>Calculer vos rentes :<\/u><\/em> Contactez l\u2019agence AVS et votre caisse de pensions pour estimer vos futures rentes.<\/li>\n<li><u>Rente ou capital :<\/u> R\u00e9flechir sur la pr\u00e9station du 2\u00e9me pilier et \u00e0 l&rsquo;\u00e9chlonnement de la perception des pr\u00e9stations en capitax.<\/li>\n<\/ul>\n<div>&nbsp;<\/div>\n<div>&nbsp;<\/div>\n<div>&nbsp;<\/div>\n<h4><span style=\"text-decoration: underline;\">Au moment de la retraite<\/span><\/h4>\n<ul>\n<li><em><u>Demander vos pr\u00e9stations :<\/u><\/em> <a href=\"https:\/\/www.ahv-iv.ch\/fr\/Formulaires\/Formulaires\/Prestations-de-lAVS\">1er pilier<\/a>, <a href=\"http:\/\/cashflowch.com\/wp-content\/uploads\/2025\/06\/Demande_versement_capital_retraite.docx\">2\u00e9me pilier<\/a>, 3\u00e9me pilier et assurez vous que tout est vers\u00e9 comme pr\u00e9vu.<\/li>\n<li><em><u>Souscrire une assurance accidents :<\/u><\/em> Int\u00e9grez-la \u00e0 votre assurance de base (LAMal).&nbsp;<\/li>\n<\/ul>\n<div>&nbsp;<\/div>\n<div>&nbsp;<\/div>\n<h4><span style=\"text-decoration: underline;\">Apr\u00e8s la retraite<\/span><\/h4>\n<ul>\n<li><em><u>Respecter votre planification :<\/u><\/em>&nbsp;faites des ajustements si n\u00e9cessaire.<\/li>\n<li><em><u>Revoir votre mode d\u2019habitation :<\/u><\/em> Envisagez un d\u00e9m\u00e9nagement ou pr\u00e9parez des soins \u00e0 domicile si besoin.<\/li>\n<li><em><u>Profiter de votre retraite !<\/u><\/em><\/li>\n<\/ul>\n<h3>&nbsp;<\/h3>\n<h3>&nbsp;<\/h3>\n<h3>Quel type de retraite vous correspond ?<\/h3>\n<p><em><u>Anticip\u00e9e :<\/u><\/em> Une retraite anticip\u00e9e peut \u00eatre attrayante, mais elle r\u00e9duit votre rente et n\u00e9cessite une planification rigoureuse.<\/p>\n<p><em><u>Ordinaire :<\/u><\/em> Pr\u00e9vue \u00e0 65 ans pour hommes et femmes, c\u2019est une option stable et classique.<\/p>\n<p><em><u>Diff\u00e9r\u00e9e :<\/u><\/em> Prolongez votre activit\u00e9 pour optimiser vos cotisations et combler d\u2019\u00e9ventuelles lacunes.<\/p>\n<\/div>\n<div>\n<h3>&nbsp;<\/h3>\n<h3>&nbsp;<\/h3>\n<h3>Questions essentielles<\/h3>\n<p><em><u>2\u00e8me pilier : Rente ou capital ?<\/u><\/em> Analysez votre situation, vos besoins, votre sant\u00e9 et votre rapport au risque.<\/p>\n<p><em><u>Comment g\u00e9rer votre capital ?<\/u><\/em> Si vous choisissez le capital, planifiez son utilisation selon vos projets futurs.<\/p>\n<p><em><u>Et votre logement ?<\/u><\/em> V\u00e9rifiez que votre hypoth\u00e8que est sous contr\u00f4le et que vos revenus couvrent les frais.<\/p>\n<\/div>\n<div>\n<h3>&nbsp;<\/h3>\n<h3>&nbsp;<\/h3>\n<h3>Un processus continu avec Cash-Flow CH<\/h3>\n<p>La planification financi\u00e8re en Suisse est un processus personnalis\u00e9. Avec Cash-Flow CH, d\u00e9finissez vos objectifs, analysez votre situation et utilisez nos conseils pour un avenir serein. Revoyez votre plan r\u00e9guli\u00e8rement pour l\u2019adapter \u00e0 votre vie.<\/p>\n<\/div>\n<div>\n<h3>&nbsp;<\/h3>\n<h3>&nbsp;<\/h3>\n<h3>Pr\u00e9parez votre avenir d\u00e8s aujourd\u2019hui<\/h3>\n<p>La pr\u00e9paration de la retraite est cruciale. Le syst\u00e8me suisse, avec ses 3 piliers, placements, fiscalit\u00e9 et immobilier, est complexe. Pour une retraite sereine, faites-vous accompagner par un expert Cash-Flow CH vous apportera clart\u00e9s et des solutions.<\/p>\n<\/div>\t\t\t\t\t\t\t\t<\/div>\n\t\t\t\t<\/div>\n\t\t\t\t<div class=\"elementor-element elementor-element-5d5bb4a elementor-widget elementor-widget-image\" data-id=\"5d5bb4a\" data-element_type=\"widget\" data-e-type=\"widget\" data-widget_type=\"image.default\">\n\t\t\t\t<div class=\"elementor-widget-container\">\n\t\t\t\t\t\t\t\t\t\t\t\t\t\t\t<img fetchpriority=\"high\" decoding=\"async\" width=\"800\" height=\"470\" src=\"https:\/\/cashflowch.com\/wp-content\/uploads\/2025\/03\/visual-selection-4-1024x601.png\" class=\"attachment-large size-large wp-image-1326\" alt=\"\" srcset=\"https:\/\/cashflowch.com\/wp-content\/uploads\/2025\/03\/visual-selection-4-1024x601.png 1024w, https:\/\/cashflowch.com\/wp-content\/uploads\/2025\/03\/visual-selection-4-300x176.png 300w, https:\/\/cashflowch.com\/wp-content\/uploads\/2025\/03\/visual-selection-4-768x451.png 768w, https:\/\/cashflowch.com\/wp-content\/uploads\/2025\/03\/visual-selection-4-200x117.png 200w, https:\/\/cashflowch.com\/wp-content\/uploads\/2025\/03\/visual-selection-4.png 1218w\" sizes=\"(max-width: 800px) 100vw, 800px\" \/>\t\t\t\t\t\t\t\t\t\t\t\t\t\t\t<\/div>\n\t\t\t\t<\/div>\n\t\t\t\t<div class=\"elementor-element elementor-element-dd8d900 elementor-widget elementor-widget-text-editor\" data-id=\"dd8d900\" data-element_type=\"widget\" data-e-type=\"widget\" data-widget_type=\"text-editor.default\">\n\t\t\t\t<div class=\"elementor-widget-container\">\n\t\t\t\t\t\t\t\t\t<p>Visualisez vos projets et faite une projection dans votre futur !<\/p>\t\t\t\t\t\t\t\t<\/div>\n\t\t\t\t<\/div>\n\t\t\t\t<div class=\"elementor-element elementor-element-66cce1a elementor-align-center elementor-widget elementor-widget-button\" data-id=\"66cce1a\" data-element_type=\"widget\" data-e-type=\"widget\" data-widget_type=\"button.default\">\n\t\t\t\t<div class=\"elementor-widget-container\">\n\t\t\t\t\t\t\t\t\t<div class=\"elementor-button-wrapper\">\n\t\t\t\t\t<a class=\"elementor-button elementor-button-link elementor-size-sm\" href=\"https:\/\/preview.cashflowch.com\/planification-retraite\">\n\t\t\t\t\t\t<span class=\"elementor-button-content-wrapper\">\n\t\t\t\t\t\t\t\t\t<span class=\"elementor-button-text\">Planification retraite <\/span>\n\t\t\t\t\t<\/span>\n\t\t\t\t\t<\/a>\n\t\t\t\t<\/div>\n\t\t\t\t\t\t\t\t<\/div>\n\t\t\t\t<\/div>\n\t\t\t\t\t<\/div>\n\t\t<\/div>\n\t\t\t\t\t<\/div>\n\t\t<\/section>\n\t\t\t\t<section class=\"elementor-section elementor-top-section elementor-element elementor-element-79f503bb elementor-section-boxed elementor-section-height-default elementor-section-height-default wpr-particle-no wpr-jarallax-no wpr-parallax-no wpr-sticky-section-no wpr-equal-height-no elementor-invisible\" data-id=\"79f503bb\" data-element_type=\"section\" data-e-type=\"section\" data-settings=\"{&quot;background_background&quot;:&quot;classic&quot;,&quot;motion_fx_motion_fx_scrolling&quot;:&quot;yes&quot;,&quot;motion_fx_translateY_effect&quot;:&quot;yes&quot;,&quot;animation&quot;:&quot;fadeInLeft&quot;,&quot;motion_fx_translateY_speed&quot;:{&quot;unit&quot;:&quot;px&quot;,&quot;size&quot;:4,&quot;sizes&quot;:[]},&quot;motion_fx_translateY_affectedRange&quot;:{&quot;unit&quot;:&quot;%&quot;,&quot;size&quot;:&quot;&quot;,&quot;sizes&quot;:{&quot;start&quot;:0,&quot;end&quot;:100}},&quot;motion_fx_devices&quot;:[&quot;desktop&quot;,&quot;tablet&quot;,&quot;mobile&quot;]}\">\n\t\t\t\t\t\t\t<div class=\"elementor-background-overlay\"><\/div>\n\t\t\t\t\t\t\t<div class=\"elementor-container elementor-column-gap-default\">\n\t\t\t\t\t<div class=\"elementor-column elementor-col-100 elementor-top-column elementor-element elementor-element-390c35ec\" data-id=\"390c35ec\" data-element_type=\"column\" data-e-type=\"column\">\n\t\t\t<div class=\"elementor-widget-wrap elementor-element-populated\">\n\t\t\t\t\t\t<div class=\"elementor-element elementor-element-435a9f8c elementor-widget elementor-widget-heading\" data-id=\"435a9f8c\" data-element_type=\"widget\" data-e-type=\"widget\" data-widget_type=\"heading.default\">\n\t\t\t\t<div class=\"elementor-widget-container\">\n\t\t\t\t\t<h1 class=\"elementor-heading-title elementor-size-default\">R\u00c9SERVEZ VOTRE CONSULTATION FINANCI\u00c8RE<\/h1>\t\t\t\t<\/div>\n\t\t\t\t<\/div>\n\t\t\t\t<div class=\"elementor-element elementor-element-7367245e elementor-widget elementor-widget-heading\" data-id=\"7367245e\" data-element_type=\"widget\" data-e-type=\"widget\" data-widget_type=\"heading.default\">\n\t\t\t\t<div class=\"elementor-widget-container\">\n\t\t\t\t\t<h4 class=\"elementor-heading-title elementor-size-default\">AVEC CASH-FLOW CH<\/h4>\t\t\t\t<\/div>\n\t\t\t\t<\/div>\n\t\t\t\t<div class=\"elementor-element elementor-element-3eb6c85 elementor-widget elementor-widget-spacer\" data-id=\"3eb6c85\" data-element_type=\"widget\" data-e-type=\"widget\" data-widget_type=\"spacer.default\">\n\t\t\t\t<div class=\"elementor-widget-container\">\n\t\t\t\t\t\t\t<div class=\"elementor-spacer\">\n\t\t\t<div class=\"elementor-spacer-inner\"><\/div>\n\t\t<\/div>\n\t\t\t\t\t\t<\/div>\n\t\t\t\t<\/div>\n\t\t\t\t<div class=\"elementor-element elementor-element-7b22834 elementor-invisible elementor-widget elementor-widget-button\" data-id=\"7b22834\" data-element_type=\"widget\" data-e-type=\"widget\" data-settings=\"{&quot;_animation&quot;:&quot;fadeInLeft&quot;}\" data-widget_type=\"button.default\">\n\t\t\t\t<div class=\"elementor-widget-container\">\n\t\t\t\t\t\t\t\t\t<div class=\"elementor-button-wrapper\">\n\t\t\t\t\t<a class=\"elementor-button elementor-button-link elementor-size-sm\" href=\"https:\/\/calendar.notion.so\/meet\/davidecasellini\/people\">\n\t\t\t\t\t\t<span class=\"elementor-button-content-wrapper\">\n\t\t\t\t\t\t<span class=\"elementor-button-icon\">\n\t\t\t\t<svg aria-hidden=\"true\" class=\"e-font-icon-svg e-fas-caret-right\" viewbox=\"0 0 192 512\" xmlns=\"http:\/\/www.w3.org\/2000\/svg\"><path d=\"M0 384.662V127.338c0-17.818 21.543-26.741 34.142-14.142l128.662 128.662c7.81 7.81 7.81 20.474 0 28.284L34.142 398.804C21.543 411.404 0 402.48 0 384.662z\"><\/path><\/svg>\t\t\t<\/span>\n\t\t\t\t\t\t\t\t\t<span class=\"elementor-button-text\">R\u00e9servez un rendez-vous informatif <\/span>\n\t\t\t\t\t<\/span>\n\t\t\t\t\t<\/a>\n\t\t\t\t<\/div>\n\t\t\t\t\t\t\t\t<\/div>\n\t\t\t\t<\/div>\n\t\t\t\t\t<\/div>\n\t\t<\/div>\n\t\t\t\t\t<\/div>\n\t\t<\/section>\n\t\t\t\t<\/div>","protected":false},"excerpt":{"rendered":"<p>S\u00c9CURISEZ VOTRE AVENIR AVEC CASH-FLOW CH Pr\u00e9parez votre retraite sereine gr\u00e2ce \u00e0 nos conseils personnalis\u00e9s, une gestion efficace et des solutions adapt\u00e9es \u00e0 chaque \u00e9tape de votre vie. R\u00e9servez un rendez-vous informatif PLANIFICATION RETRAITE commencer t\u00f4t : un atout majeur &nbsp; Il n\u2019est jamais trop t\u00f4t pour pr\u00e9parer votre retraite. Selon votre vision de la libert\u00e9 financi\u00e8re, vous pouvez viser une retraite ordinaire \u00e0 65 ans, r\u00e9duire votre temps de travail, ou m\u00eame arr\u00eater plus t\u00f4t. D\u00e9finir votre objectif et vous permettra de planifier&nbsp; votre&nbsp; n\u00e9cessaire pour les atteindre \u00e9pargne et l&rsquo;investissement. Avant 50 ans : se projeter \u00c0 partir de 50 ans, il est pertinent de penser \u00e0 la retraite et de votre fortune. En fonction de votre \u00e9pargne, des outils d\u2019optimisation fiscale et de rendement peuvent \u00eatre mis en place. De 50 ans \u00e0 55 ans : \u00e9tapes cl\u00e9s D\u00e9finir vos besoins et objectifs : R\u00e9fl\u00e9chissez \u00e0 votre style de vie, votre lieu de r\u00e9sidence et vos projets, en discutant avec vos proches. Anticiper votre logement : Souhaitez-vous d\u00e9m\u00e9nager, vivre \u00e0 l\u2019\u00e9tranger ou adapter votre logement pour l\u2019avenir ? Pr\u00e9parer la transmission de votre patrimoine : Planifiez la r\u00e9partition de vos biens avec un testament ou un pacte successoral. \u00c9valuer votre situation financi\u00e8re : Recensez vos revenus, d\u00e9penses, actifs et passifs. Analysez la faisabilit\u00e9 d\u2019une retraite anticip\u00e9e et planifiez vos besoins futurs. Optimiser vos finances : Planifiez votre retraite, ajustez vos placements et explorez les optimisation fiscales pour un avenir confortable. Maximiser vos pr\u00e9voyances 3a et 3b : Utilisez les avantages fiscaux pour renforcer votre capital retraite. Planifier votre temps libre : Pr\u00e9parez-vous \u00e0 cette nouvelle \u00e9tape en trouvant des activit\u00e9s qui vous passionnent. \u00c9tudier les rachats de caisse de pensions : R\u00e9duisez votre charge fiscale et am\u00e9liorez vos prestations. &nbsp; &nbsp; &nbsp; Vers 60 ans : affiner votre plan \u00c9tablir un budget d\u00e9taill\u00e9 : Calculez vos revenus et d\u00e9penses probables. Calculer vos rentes : Contactez l\u2019agence AVS et votre caisse de pensions pour estimer vos futures rentes. Rente ou capital : R\u00e9flechir sur la pr\u00e9station du 2\u00e9me pilier et \u00e0 l&rsquo;\u00e9chlonnement de la perception des pr\u00e9stations en capitax. &nbsp; &nbsp; &nbsp; Au moment de la retraite Demander vos pr\u00e9stations : 1er pilier, 2\u00e9me pilier, 3\u00e9me pilier et assurez vous que tout est vers\u00e9 comme pr\u00e9vu. Souscrire une assurance accidents : Int\u00e9grez-la \u00e0 votre assurance de base (LAMal).&nbsp; &nbsp; &nbsp; Apr\u00e8s la retraite Respecter votre planification :&nbsp;faites des ajustements si n\u00e9cessaire. Revoir votre mode d\u2019habitation : Envisagez un d\u00e9m\u00e9nagement ou pr\u00e9parez des soins \u00e0 domicile si besoin. Profiter de votre retraite ! &nbsp; &nbsp; Quel type de retraite vous correspond ? Anticip\u00e9e : Une retraite anticip\u00e9e peut \u00eatre attrayante, mais elle r\u00e9duit votre rente et n\u00e9cessite une planification rigoureuse. Ordinaire : Pr\u00e9vue \u00e0 65 ans pour hommes et femmes, c\u2019est une option stable et classique. Diff\u00e9r\u00e9e : Prolongez votre activit\u00e9 pour optimiser vos cotisations et combler d\u2019\u00e9ventuelles lacunes. &nbsp; &nbsp; Questions essentielles 2\u00e8me pilier : Rente ou capital ? Analysez votre situation, vos besoins, votre sant\u00e9 et votre rapport au risque. Comment g\u00e9rer votre capital ? Si vous choisissez le capital, planifiez son utilisation selon vos projets futurs. Et votre logement ? V\u00e9rifiez que votre hypoth\u00e8que est sous contr\u00f4le et que vos revenus couvrent les frais. &nbsp; &nbsp; Un processus continu avec Cash-Flow CH La planification financi\u00e8re en Suisse est un processus personnalis\u00e9. Avec Cash-Flow CH, d\u00e9finissez vos objectifs, analysez votre situation et utilisez nos conseils pour un avenir serein. Revoyez votre plan r\u00e9guli\u00e8rement pour l\u2019adapter \u00e0 votre vie. &nbsp; &nbsp; Pr\u00e9parez votre avenir d\u00e8s aujourd\u2019hui La pr\u00e9paration de la retraite est cruciale. Le syst\u00e8me suisse, avec ses 3 piliers, placements, fiscalit\u00e9 et immobilier, est complexe. Pour une retraite sereine, faites-vous accompagner par un expert Cash-Flow CH vous apportera clart\u00e9s et des solutions. Visualisez vos projets et faite une projection dans votre futur ! Planification retraite R\u00c9SERVEZ VOTRE CONSULTATION FINANCI\u00c8RE AVEC CASH-FLOW CH R\u00e9servez un rendez-vous informatif<\/p>","protected":false},"author":1,"featured_media":0,"parent":0,"menu_order":0,"comment_status":"closed","ping_status":"closed","template":"elementor_header_footer","meta":{"om_disable_all_campaigns":false,"_monsterinsights_skip_tracking":false,"_monsterinsights_sitenote_active":false,"_monsterinsights_sitenote_note":"","_monsterinsights_sitenote_category":0,"footnotes":""},"class_list":["post-1320","page","type-page","status-publish","hentry"],"aioseo_notices":[],"_links":{"self":[{"href":"https:\/\/cashflowch.com\/en\/wp-json\/wp\/v2\/pages\/1320","targetHints":{"allow":["GET"]}}],"collection":[{"href":"https:\/\/cashflowch.com\/en\/wp-json\/wp\/v2\/pages"}],"about":[{"href":"https:\/\/cashflowch.com\/en\/wp-json\/wp\/v2\/types\/page"}],"author":[{"embeddable":true,"href":"https:\/\/cashflowch.com\/en\/wp-json\/wp\/v2\/users\/1"}],"replies":[{"embeddable":true,"href":"https:\/\/cashflowch.com\/en\/wp-json\/wp\/v2\/comments?post=1320"}],"version-history":[{"count":79,"href":"https:\/\/cashflowch.com\/en\/wp-json\/wp\/v2\/pages\/1320\/revisions"}],"predecessor-version":[{"id":2623,"href":"https:\/\/cashflowch.com\/en\/wp-json\/wp\/v2\/pages\/1320\/revisions\/2623"}],"wp:attachment":[{"href":"https:\/\/cashflowch.com\/en\/wp-json\/wp\/v2\/media?parent=1320"}],"curies":[{"name":"wp","href":"https:\/\/api.w.org\/{rel}","templated":true}]}}