{"id":1071,"date":"2025-03-13T20:49:40","date_gmt":"2025-03-13T20:49:40","guid":{"rendered":"https:\/\/cashflowch.com\/?page_id=1071"},"modified":"2025-05-14T17:41:23","modified_gmt":"2025-05-14T17:41:23","slug":"gestion-globale-de-votre-portefeuille","status":"publish","type":"page","link":"https:\/\/cashflowch.com\/en\/gestion-globale-de-votre-portefeuille\/","title":{"rendered":"Gestion globale de votre portefeuille"},"content":{"rendered":"<div data-elementor-type=\"wp-page\" data-elementor-id=\"1071\" class=\"elementor elementor-1071\" data-elementor-post-type=\"page\">\n\t\t\t\t\t\t<section class=\"elementor-section elementor-top-section elementor-element elementor-element-34827f1f elementor-section-full_width elementor-section-height-default elementor-section-height-default wpr-particle-no wpr-jarallax-no wpr-parallax-no wpr-sticky-section-no wpr-equal-height-no\" data-id=\"34827f1f\" data-element_type=\"section\" data-e-type=\"section\" data-settings=\"{&quot;background_background&quot;:&quot;gradient&quot;}\">\n\t\t\t\t\t\t<div class=\"elementor-container elementor-column-gap-default\">\n\t\t\t\t\t<div class=\"elementor-column elementor-col-50 elementor-top-column elementor-element elementor-element-75f0e8ae\" data-id=\"75f0e8ae\" data-element_type=\"column\" data-e-type=\"column\" data-settings=\"{&quot;background_background&quot;:&quot;classic&quot;}\">\n\t\t\t<div class=\"elementor-widget-wrap elementor-element-populated\">\n\t\t\t\t\t<div class=\"elementor-background-overlay\"><\/div>\n\t\t\t\t\t\t\t<\/div>\n\t\t<\/div>\n\t\t\t\t<div class=\"elementor-column elementor-col-50 elementor-top-column elementor-element elementor-element-61b1caf8 elementor-invisible\" data-id=\"61b1caf8\" data-element_type=\"column\" data-e-type=\"column\" data-settings=\"{&quot;background_background&quot;:&quot;gradient&quot;,&quot;animation&quot;:&quot;fadeInRight&quot;}\">\n\t\t\t<div class=\"elementor-widget-wrap elementor-element-populated\">\n\t\t\t\t\t\t<div class=\"elementor-element elementor-element-40c8b641 elementor-widget elementor-widget-heading\" data-id=\"40c8b641\" data-element_type=\"widget\" data-e-type=\"widget\" data-widget_type=\"heading.default\">\n\t\t\t\t<div class=\"elementor-widget-container\">\n\t\t\t\t\t<h3 class=\"elementor-heading-title elementor-size-default\">Nous offrons des services financiers et professionnels complets :<\/h3>\t\t\t\t<\/div>\n\t\t\t\t<\/div>\n\t\t\t\t<div class=\"elementor-element elementor-element-4231cd elementor-widget elementor-widget-text-editor\" data-id=\"4231cd\" data-element_type=\"widget\" data-e-type=\"widget\" data-widget_type=\"text-editor.default\">\n\t\t\t\t<div class=\"elementor-widget-container\">\n\t\t\t\t\t\t\t\t\t<p>\u00a0conseils personnalis\u00e9s, solutions sur mesure , gestion administrative efficace, et opportunit\u00e9s de carri\u00e8re pour s\u00e9curiser ton avenir \u00e0 chaque \u00e9tape de ta vie.<\/p>\t\t\t\t\t\t\t\t<\/div>\n\t\t\t\t<\/div>\n\t\t\t\t<div class=\"elementor-element elementor-element-1c2e1b92 elementor-mobile-align-center elementor-widget elementor-widget-button\" data-id=\"1c2e1b92\" data-element_type=\"widget\" data-e-type=\"widget\" data-widget_type=\"button.default\">\n\t\t\t\t<div class=\"elementor-widget-container\">\n\t\t\t\t\t\t\t\t\t<div class=\"elementor-button-wrapper\">\n\t\t\t\t\t<a class=\"elementor-button elementor-button-link elementor-size-sm\" href=\"https:\/\/cashflowch.com\/en\/b1\/\">\n\t\t\t\t\t\t<span class=\"elementor-button-content-wrapper\">\n\t\t\t\t\t\t<span class=\"elementor-button-icon\">\n\t\t\t\t<svg aria-hidden=\"true\" class=\"e-font-icon-svg e-fas-caret-right\" viewbox=\"0 0 192 512\" xmlns=\"http:\/\/www.w3.org\/2000\/svg\"><path d=\"M0 384.662V127.338c0-17.818 21.543-26.741 34.142-14.142l128.662 128.662c7.81 7.81 7.81 20.474 0 28.284L34.142 398.804C21.543 411.404 0 402.48 0 384.662z\"><\/path><\/svg>\t\t\t<\/span>\n\t\t\t\t\t\t\t\t\t<span class=\"elementor-button-text\">R\u00e9servez<\/span>\n\t\t\t\t\t<\/span>\n\t\t\t\t\t<\/a>\n\t\t\t\t<\/div>\n\t\t\t\t\t\t\t\t<\/div>\n\t\t\t\t<\/div>\n\t\t\t\t\t<\/div>\n\t\t<\/div>\n\t\t\t\t\t<\/div>\n\t\t<\/section>\n\t\t\t\t<section class=\"elementor-section elementor-top-section elementor-element elementor-element-6a085ab elementor-section-boxed elementor-section-height-default elementor-section-height-default wpr-particle-no wpr-jarallax-no wpr-parallax-no wpr-sticky-section-no wpr-equal-height-no\" data-id=\"6a085ab\" data-element_type=\"section\" data-e-type=\"section\">\n\t\t\t\t\t\t<div class=\"elementor-container elementor-column-gap-default\">\n\t\t\t\t\t<div class=\"elementor-column elementor-col-100 elementor-top-column elementor-element elementor-element-2c0aeead\" data-id=\"2c0aeead\" data-element_type=\"column\" data-e-type=\"column\">\n\t\t\t<div class=\"elementor-widget-wrap elementor-element-populated\">\n\t\t\t\t\t\t<div class=\"elementor-element elementor-element-6fe18157 elementor-widget elementor-widget-heading\" data-id=\"6fe18157\" data-element_type=\"widget\" data-e-type=\"widget\" data-widget_type=\"heading.default\">\n\t\t\t\t<div class=\"elementor-widget-container\">\n\t\t\t\t\t<h2 class=\"elementor-heading-title elementor-size-default\">Gestion globale de votre portefeuille<\/h2>\t\t\t\t<\/div>\n\t\t\t\t<\/div>\n\t\t\t\t<div class=\"elementor-element elementor-element-1ac84ea elementor-widget-divider--view-line elementor-invisible elementor-widget elementor-widget-divider\" data-id=\"1ac84ea\" data-element_type=\"widget\" data-e-type=\"widget\" data-settings=\"{&quot;_animation&quot;:&quot;fadeInLeft&quot;}\" data-widget_type=\"divider.default\">\n\t\t\t\t<div class=\"elementor-widget-container\">\n\t\t\t\t\t\t\t<div class=\"elementor-divider\">\n\t\t\t<span class=\"elementor-divider-separator\">\n\t\t\t\t\t\t<\/span>\n\t\t<\/div>\n\t\t\t\t\t\t<\/div>\n\t\t\t\t<\/div>\n\t\t\t\t<div class=\"elementor-element elementor-element-7197c2c8 elementor-widget elementor-widget-text-editor\" data-id=\"7197c2c8\" data-element_type=\"widget\" data-e-type=\"widget\" data-widget_type=\"text-editor.default\">\n\t\t\t\t<div class=\"elementor-widget-container\">\n\t\t\t\t\t\t\t\t\t<p>Simplicit\u00e9, s\u00e9curit\u00e9 et s\u00e9r\u00e9nit\u00e9<\/p><p>\u00a0<\/p>\t\t\t\t\t\t\t\t<\/div>\n\t\t\t\t<\/div>\n\t\t\t\t<div class=\"elementor-element elementor-element-6d835b55 elementor-widget__width-initial elementor-widget elementor-widget-text-editor\" data-id=\"6d835b55\" data-element_type=\"widget\" data-e-type=\"widget\" data-widget_type=\"text-editor.default\">\n\t\t\t\t<div class=\"elementor-widget-container\">\n\t\t\t\t\t\t\t\t\t<p data-pm-slice=\"1 1 []\">G\u00e9rez votre patrimoine en toute tranquillit\u00e9 avec notre <strong>service de gestion globale du portefeuille<\/strong>. <br \/>Nous centralisons et optimisons l\u2019ensemble de votre gestion administrative et financi\u00e8re pour vous faire gagner du temps et assurer un suivi rigoureux.<br \/>De plus, vous pourriez b\u00e9n\u00e9ficier d&rsquo;<strong>un suivi et des analyses sur mesure<\/strong> focalis\u00e9 sur votre situation.<\/p><h3><strong>Ce que nous vous offrons :<\/strong><\/h3><p>\ud83d\udcc2 <strong>Gestion administrative compl\u00e8te<\/strong> : Classement et stockage s\u00e9curis\u00e9 de vos documents (contrats, d\u00e9clarations fiscales, relev\u00e9s bancaires, etc.).<br \/>\ud83d\udcbc <strong>Optimisation financi\u00e8re<\/strong> : Suivi de vos investissements, contr\u00f4le des flux financiers et recommandations strat\u00e9giques.<br \/>\ud83d\udee1\ufe0f <strong>S\u00e9curit\u00e9 et accessibilit\u00e9<\/strong> : Plateforme s\u00e9curis\u00e9e pour retrouver tous vos documents en un clic.<br \/>\ud83d\udcca <strong>Tableau de bord personnalis\u00e9<\/strong> : Une vision claire et actualis\u00e9e de votre situation financi\u00e8re.<br \/>\ud83d\udd0d <strong>Accompagnement et conseils experts<\/strong> : Un suivi d\u00e9di\u00e9 pour anticiper et optimiser chaque aspect de votre gestion patrimoniale.<\/p><h3><br \/><strong>Comment \u00e7a fonctionne ?<\/strong><\/h3><p>1\ufe0f\u20e3 <strong>Souscrivez au service<\/strong><br \/>2\ufe0f\u20e3 <strong>Acc\u00e9dez \u00e0 votre espace personnalis\u00e9<\/strong><br \/>3\ufe0f\u20e3 <strong>Transmettez vos documents et informations en toute s\u00e9curit\u00e9<\/strong><br \/>4\ufe0f\u20e3 <strong>B\u00e9n\u00e9ficiez d\u2019un suivi et d\u2019une optimisation continue<\/strong><\/p><p>\ud83d\udccc <strong>Simplifiez la gestion de votre patrimoine d\u00e8s aujourd\u2019hui !<\/strong><br \/>\ud83d\udcbc <strong>Service adapt\u00e9 aux particuliers, ind\u00e9pendants et entrepreneurs.<\/strong><br \/>\ud83d\udd39 <strong>Lib\u00e9rez-vous des contraintes administratives et concentrez vous sur ce qui vous fait plaisir !<\/strong><\/p><p>\u00a0<\/p><p><strong>\ud83d\udcde Besoin d\u2019informations ? Contactez-nous !<\/strong><\/p>\t\t\t\t\t\t\t\t<\/div>\n\t\t\t\t<\/div>\n\t\t\t\t\t<\/div>\n\t\t<\/div>\n\t\t\t\t\t<\/div>\n\t\t<\/section>\n\t\t\t\t<section class=\"elementor-section elementor-top-section elementor-element elementor-element-57a541cb elementor-section-boxed elementor-section-height-default elementor-section-height-default wpr-particle-no wpr-jarallax-no wpr-parallax-no wpr-sticky-section-no wpr-equal-height-no elementor-invisible\" data-id=\"57a541cb\" data-element_type=\"section\" data-e-type=\"section\" data-settings=\"{&quot;background_background&quot;:&quot;classic&quot;,&quot;motion_fx_motion_fx_scrolling&quot;:&quot;yes&quot;,&quot;motion_fx_translateY_effect&quot;:&quot;yes&quot;,&quot;animation&quot;:&quot;fadeInLeft&quot;,&quot;motion_fx_translateY_speed&quot;:{&quot;unit&quot;:&quot;px&quot;,&quot;size&quot;:4,&quot;sizes&quot;:[]},&quot;motion_fx_translateY_affectedRange&quot;:{&quot;unit&quot;:&quot;%&quot;,&quot;size&quot;:&quot;&quot;,&quot;sizes&quot;:{&quot;start&quot;:0,&quot;end&quot;:100}},&quot;motion_fx_devices&quot;:[&quot;desktop&quot;,&quot;tablet&quot;,&quot;mobile&quot;]}\">\n\t\t\t\t\t\t\t<div class=\"elementor-background-overlay\"><\/div>\n\t\t\t\t\t\t\t<div class=\"elementor-container elementor-column-gap-default\">\n\t\t\t\t\t<div class=\"elementor-column elementor-col-100 elementor-top-column elementor-element elementor-element-7add78da\" data-id=\"7add78da\" data-element_type=\"column\" data-e-type=\"column\">\n\t\t\t<div class=\"elementor-widget-wrap elementor-element-populated\">\n\t\t\t\t\t\t<div class=\"elementor-element elementor-element-69acd3f8 elementor-widget elementor-widget-heading\" data-id=\"69acd3f8\" data-element_type=\"widget\" data-e-type=\"widget\" data-widget_type=\"heading.default\">\n\t\t\t\t<div class=\"elementor-widget-container\">\n\t\t\t\t\t<h1 class=\"elementor-heading-title elementor-size-default\">R\u00c9SERVEZ VOTRE CONSULTATION FINANCI\u00c8RE<\/h1>\t\t\t\t<\/div>\n\t\t\t\t<\/div>\n\t\t\t\t<div class=\"elementor-element elementor-element-357b3dec elementor-widget elementor-widget-heading\" data-id=\"357b3dec\" data-element_type=\"widget\" data-e-type=\"widget\" data-widget_type=\"heading.default\">\n\t\t\t\t<div class=\"elementor-widget-container\">\n\t\t\t\t\t<h4 class=\"elementor-heading-title elementor-size-default\">AVEC CASH-FLOW CH<\/h4>\t\t\t\t<\/div>\n\t\t\t\t<\/div>\n\t\t\t\t<div class=\"elementor-element elementor-element-49e2f1e7 elementor-invisible elementor-widget elementor-widget-button\" data-id=\"49e2f1e7\" data-element_type=\"widget\" data-e-type=\"widget\" data-settings=\"{&quot;_animation&quot;:&quot;fadeInLeft&quot;}\" data-widget_type=\"button.default\">\n\t\t\t\t<div class=\"elementor-widget-container\">\n\t\t\t\t\t\t\t\t\t<div class=\"elementor-button-wrapper\">\n\t\t\t\t\t<a class=\"elementor-button elementor-button-link elementor-size-sm\" href=\"https:\/\/cashflowch.com\/en\/b1\/\">\n\t\t\t\t\t\t<span class=\"elementor-button-content-wrapper\">\n\t\t\t\t\t\t<span class=\"elementor-button-icon\">\n\t\t\t\t<svg aria-hidden=\"true\" class=\"e-font-icon-svg e-fas-caret-right\" viewbox=\"0 0 192 512\" xmlns=\"http:\/\/www.w3.org\/2000\/svg\"><path d=\"M0 384.662V127.338c0-17.818 21.543-26.741 34.142-14.142l128.662 128.662c7.81 7.81 7.81 20.474 0 28.284L34.142 398.804C21.543 411.404 0 402.48 0 384.662z\"><\/path><\/svg>\t\t\t<\/span>\n\t\t\t\t\t\t\t\t\t<span class=\"elementor-button-text\">R\u00c9SERVE MAINTENANT<\/span>\n\t\t\t\t\t<\/span>\n\t\t\t\t\t<\/a>\n\t\t\t\t<\/div>\n\t\t\t\t\t\t\t\t<\/div>\n\t\t\t\t<\/div>\n\t\t\t\t\t<\/div>\n\t\t<\/div>\n\t\t\t\t\t<\/div>\n\t\t<\/section>\n\t\t\t\t<\/div>","protected":false},"excerpt":{"rendered":"<p>Nous offrons des services financiers et professionnels complets : \u00a0conseils personnalis\u00e9s, solutions sur mesure , gestion administrative efficace, et opportunit\u00e9s de carri\u00e8re pour s\u00e9curiser ton avenir \u00e0 chaque \u00e9tape de ta vie. R\u00e9servez Gestion globale de votre portefeuille Simplicit\u00e9, s\u00e9curit\u00e9 et s\u00e9r\u00e9nit\u00e9 \u00a0 G\u00e9rez votre patrimoine en toute tranquillit\u00e9 avec notre service de gestion globale du portefeuille. Nous centralisons et optimisons l\u2019ensemble de votre gestion administrative et financi\u00e8re pour vous faire gagner du temps et assurer un suivi rigoureux.De plus, vous pourriez b\u00e9n\u00e9ficier d&rsquo;un suivi et des analyses sur mesure focalis\u00e9 sur votre situation. Ce que nous vous offrons : \ud83d\udcc2 Gestion administrative compl\u00e8te : Classement et stockage s\u00e9curis\u00e9 de vos documents (contrats, d\u00e9clarations fiscales, relev\u00e9s bancaires, etc.).\ud83d\udcbc Optimisation financi\u00e8re : Suivi de vos investissements, contr\u00f4le des flux financiers et recommandations strat\u00e9giques.\ud83d\udee1\ufe0f S\u00e9curit\u00e9 et accessibilit\u00e9 : Plateforme s\u00e9curis\u00e9e pour retrouver tous vos documents en un clic.\ud83d\udcca Tableau de bord personnalis\u00e9 : Une vision claire et actualis\u00e9e de votre situation financi\u00e8re.\ud83d\udd0d Accompagnement et conseils experts : Un suivi d\u00e9di\u00e9 pour anticiper et optimiser chaque aspect de votre gestion patrimoniale. Comment \u00e7a fonctionne ? 1\ufe0f\u20e3 Souscrivez au service2\ufe0f\u20e3 Acc\u00e9dez \u00e0 votre espace personnalis\u00e93\ufe0f\u20e3 Transmettez vos documents et informations en toute s\u00e9curit\u00e94\ufe0f\u20e3 B\u00e9n\u00e9ficiez d\u2019un suivi et d\u2019une optimisation continue \ud83d\udccc Simplifiez la gestion de votre patrimoine d\u00e8s aujourd\u2019hui !\ud83d\udcbc Service adapt\u00e9 aux particuliers, ind\u00e9pendants et entrepreneurs.\ud83d\udd39 Lib\u00e9rez-vous des contraintes administratives et concentrez vous sur ce qui vous fait plaisir ! \u00a0 \ud83d\udcde Besoin d\u2019informations ? Contactez-nous ! R\u00c9SERVEZ VOTRE CONSULTATION FINANCI\u00c8RE AVEC CASH-FLOW CH R\u00c9SERVE MAINTENANT<\/p>","protected":false},"author":1,"featured_media":0,"parent":0,"menu_order":0,"comment_status":"closed","ping_status":"closed","template":"elementor_header_footer","meta":{"om_disable_all_campaigns":false,"_monsterinsights_skip_tracking":false,"_monsterinsights_sitenote_active":false,"_monsterinsights_sitenote_note":"","_monsterinsights_sitenote_category":0,"footnotes":""},"class_list":["post-1071","page","type-page","status-publish","hentry"],"aioseo_notices":[],"_links":{"self":[{"href":"https:\/\/cashflowch.com\/en\/wp-json\/wp\/v2\/pages\/1071","targetHints":{"allow":["GET"]}}],"collection":[{"href":"https:\/\/cashflowch.com\/en\/wp-json\/wp\/v2\/pages"}],"about":[{"href":"https:\/\/cashflowch.com\/en\/wp-json\/wp\/v2\/types\/page"}],"author":[{"embeddable":true,"href":"https:\/\/cashflowch.com\/en\/wp-json\/wp\/v2\/users\/1"}],"replies":[{"embeddable":true,"href":"https:\/\/cashflowch.com\/en\/wp-json\/wp\/v2\/comments?post=1071"}],"version-history":[{"count":13,"href":"https:\/\/cashflowch.com\/en\/wp-json\/wp\/v2\/pages\/1071\/revisions"}],"predecessor-version":[{"id":1936,"href":"https:\/\/cashflowch.com\/en\/wp-json\/wp\/v2\/pages\/1071\/revisions\/1936"}],"wp:attachment":[{"href":"https:\/\/cashflowch.com\/en\/wp-json\/wp\/v2\/media?parent=1071"}],"curies":[{"name":"wp","href":"https:\/\/api.w.org\/{rel}","templated":true}]}}